{"id":105,"date":"2017-05-16T18:30:58","date_gmt":"2017-05-16T18:30:58","guid":{"rendered":"http:\/\/themes.getmotopress.com\/oceanica\/?page_id=105"},"modified":"2019-03-10T19:34:11","modified_gmt":"2019-03-10T18:34:11","slug":"festivals-evenements","status":"publish","type":"page","link":"https:\/\/maisonboulvern.com\/index.php\/fr\/maison-dhotes\/activites\/festivals-evenements\/","title":{"rendered":"Festivals et \u00e9v\u00e9nements"},"content":{"rendered":"<p>Toute au long de l&rsquo;ann\u00e9e, de nombreux \u00e9v\u00e9nements sont organis\u00e9s en Bretagne. Nous vous pr\u00e9sentons seulement une petite s\u00e9lection de ceux-ci, mais n&rsquo;h\u00e9sitez pas \u00e0 vous renseigner sur le site de l&rsquo;office du tourisme de la r\u00e9gion Bretagne pour plus d&rsquo;actualit\u00e9 et d&rsquo;\u00e9xhaustivit\u00e9.<!--more Book Lessons-->Contenu en \u00e9criture.<\/p>\n","protected":false},"excerpt":{"rendered":"<p>Toute au long de l&rsquo;ann\u00e9e, de nombreux \u00e9v\u00e9nements sont organis\u00e9s en Bretagne. Nous vous pr\u00e9sentons seulement une petite s\u00e9lection de ceux-ci, mais n&rsquo;h\u00e9sitez pas \u00e0 vous renseigner sur le site de l&rsquo;office du tourisme de la r\u00e9gion Bretagne pour plus d&rsquo;actualit\u00e9 et d&rsquo;\u00e9xhaustivit\u00e9.<\/p>\n","protected":false},"author":1,"featured_media":503,"parent":351,"menu_order":0,"comment_status":"closed","ping_status":"closed","template":"","meta":{"jetpack_post_was_ever_published":false,"footnotes":""},"class_list":["post-105","page","type-page","status-publish","has-post-thumbnail","hentry"],"yoast_head":"<!-- This site is optimized with the Yoast SEO plugin v27.4 - https:\/\/yoast.com\/product\/yoast-seo-wordpress\/ -->\n<title>Festivals et \u00e9v\u00e9nements - Maison Boulvern<\/title>\n<meta name=\"robots\" content=\"index, follow, max-snippet:-1, max-image-preview:large, max-video-preview:-1\" \/>\n<link rel=\"canonical\" href=\"https:\/\/maisonboulvern.com\/index.php\/fr\/maison-dhotes\/activites\/festivals-evenements\/\" \/>\n<meta property=\"og:locale\" content=\"fr_FR\" \/>\n<meta property=\"og:type\" content=\"article\" \/>\n<meta property=\"og:title\" content=\"Festivals et \u00e9v\u00e9nements - Maison Boulvern\" \/>\n<meta property=\"og:description\" content=\"Toute au long de l&rsquo;ann\u00e9e, de nombreux \u00e9v\u00e9nements sont organis\u00e9s en Bretagne. Nous vous pr\u00e9sentons seulement une petite s\u00e9lection de ceux-ci, mais n&rsquo;h\u00e9sitez pas \u00e0 vous renseigner sur le site de l&rsquo;office du tourisme de la r\u00e9gion Bretagne pour plus d&rsquo;actualit\u00e9 et d&rsquo;\u00e9xhaustivit\u00e9.\" \/>\n<meta property=\"og:url\" content=\"https:\/\/maisonboulvern.com\/index.php\/fr\/maison-dhotes\/activites\/festivals-evenements\/\" \/>\n<meta property=\"og:site_name\" content=\"Maison Boulvern\" \/>\n<meta property=\"article:modified_time\" content=\"2019-03-10T18:34:11+00:00\" \/>\n<meta property=\"og:image\" content=\"https:\/\/i0.wp.com\/maisonboulvern.com\/wp-content\/uploads\/2018\/08\/Pardon-StAnne_2000x1065.jpg?fit=2000%2C1065&ssl=1\" \/>\n\t<meta property=\"og:image:width\" content=\"2000\" \/>\n\t<meta property=\"og:image:height\" content=\"1065\" \/>\n\t<meta property=\"og:image:type\" content=\"image\/jpeg\" \/>\n<meta name=\"twitter:card\" content=\"summary_large_image\" \/>\n<script type=\"application\/ld+json\" class=\"yoast-schema-graph\">{\"@context\":\"https:\\\/\\\/schema.org\",\"@graph\":[{\"@type\":\"WebPage\",\"@id\":\"https:\\\/\\\/maisonboulvern.com\\\/index.php\\\/fr\\\/maison-dhotes\\\/activites\\\/festivals-evenements\\\/\",\"url\":\"https:\\\/\\\/maisonboulvern.com\\\/index.php\\\/fr\\\/maison-dhotes\\\/activites\\\/festivals-evenements\\\/\",\"name\":\"Festivals et \u00e9v\u00e9nements - Maison Boulvern\",\"isPartOf\":{\"@id\":\"https:\\\/\\\/maisonboulvern.com\\\/#website\"},\"primaryImageOfPage\":{\"@id\":\"https:\\\/\\\/maisonboulvern.com\\\/index.php\\\/fr\\\/maison-dhotes\\\/activites\\\/festivals-evenements\\\/#primaryimage\"},\"image\":{\"@id\":\"https:\\\/\\\/maisonboulvern.com\\\/index.php\\\/fr\\\/maison-dhotes\\\/activites\\\/festivals-evenements\\\/#primaryimage\"},\"thumbnailUrl\":\"https:\\\/\\\/i0.wp.com\\\/maisonboulvern.com\\\/wp-content\\\/uploads\\\/2018\\\/08\\\/Pardon-StAnne_2000x1065.jpg?fit=2000%2C1065&ssl=1\",\"datePublished\":\"2017-05-16T18:30:58+00:00\",\"dateModified\":\"2019-03-10T18:34:11+00:00\",\"breadcrumb\":{\"@id\":\"https:\\\/\\\/maisonboulvern.com\\\/index.php\\\/fr\\\/maison-dhotes\\\/activites\\\/festivals-evenements\\\/#breadcrumb\"},\"inLanguage\":\"fr-FR\",\"potentialAction\":[{\"@type\":\"ReadAction\",\"target\":[\"https:\\\/\\\/maisonboulvern.com\\\/index.php\\\/fr\\\/maison-dhotes\\\/activites\\\/festivals-evenements\\\/\"]}]},{\"@type\":\"ImageObject\",\"inLanguage\":\"fr-FR\",\"@id\":\"https:\\\/\\\/maisonboulvern.com\\\/index.php\\\/fr\\\/maison-dhotes\\\/activites\\\/festivals-evenements\\\/#primaryimage\",\"url\":\"https:\\\/\\\/i0.wp.com\\\/maisonboulvern.com\\\/wp-content\\\/uploads\\\/2018\\\/08\\\/Pardon-StAnne_2000x1065.jpg?fit=2000%2C1065&ssl=1\",\"contentUrl\":\"https:\\\/\\\/i0.wp.com\\\/maisonboulvern.com\\\/wp-content\\\/uploads\\\/2018\\\/08\\\/Pardon-StAnne_2000x1065.jpg?fit=2000%2C1065&ssl=1\",\"width\":2000,\"height\":1065},{\"@type\":\"BreadcrumbList\",\"@id\":\"https:\\\/\\\/maisonboulvern.com\\\/index.php\\\/fr\\\/maison-dhotes\\\/activites\\\/festivals-evenements\\\/#breadcrumb\",\"itemListElement\":[{\"@type\":\"ListItem\",\"position\":1,\"name\":\"Accueil\",\"item\":\"https:\\\/\\\/maisonboulvern.com\\\/index.php\\\/fr\\\/\"},{\"@type\":\"ListItem\",\"position\":2,\"name\":\"Bienvenue \u00e0 la Maison Boulvern\",\"item\":\"https:\\\/\\\/maisonboulvern.com\\\/index.php\\\/fr\\\/\"},{\"@type\":\"ListItem\",\"position\":3,\"name\":\"Activit\u00e9s\",\"item\":\"https:\\\/\\\/maisonboulvern.com\\\/index.php\\\/fr\\\/maison-dhotes\\\/activites\\\/\"},{\"@type\":\"ListItem\",\"position\":4,\"name\":\"Festivals et \u00e9v\u00e9nements\"}]},{\"@type\":\"WebSite\",\"@id\":\"https:\\\/\\\/maisonboulvern.com\\\/#website\",\"url\":\"https:\\\/\\\/maisonboulvern.com\\\/\",\"name\":\"Maison Boulvern\",\"description\":\"Chambres d&#039;h\u00f4tes de charme au c\u0153ur du Finist\u00e8re\",\"publisher\":{\"@id\":\"https:\\\/\\\/maisonboulvern.com\\\/#organization\"},\"potentialAction\":[{\"@type\":\"SearchAction\",\"target\":{\"@type\":\"EntryPoint\",\"urlTemplate\":\"https:\\\/\\\/maisonboulvern.com\\\/?s={search_term_string}\"},\"query-input\":{\"@type\":\"PropertyValueSpecification\",\"valueRequired\":true,\"valueName\":\"search_term_string\"}}],\"inLanguage\":\"fr-FR\"},{\"@type\":\"Organization\",\"@id\":\"https:\\\/\\\/maisonboulvern.com\\\/#organization\",\"name\":\"Maison Boulvern\",\"url\":\"https:\\\/\\\/maisonboulvern.com\\\/\",\"logo\":{\"@type\":\"ImageObject\",\"inLanguage\":\"fr-FR\",\"@id\":\"https:\\\/\\\/maisonboulvern.com\\\/#\\\/schema\\\/logo\\\/image\\\/\",\"url\":\"https:\\\/\\\/i0.wp.com\\\/maisonboulvern.com\\\/wp-content\\\/uploads\\\/2020\\\/06\\\/Icone_512x512.jpg?fit=2135%2C2135&ssl=1\",\"contentUrl\":\"https:\\\/\\\/i0.wp.com\\\/maisonboulvern.com\\\/wp-content\\\/uploads\\\/2020\\\/06\\\/Icone_512x512.jpg?fit=2135%2C2135&ssl=1\",\"width\":2135,\"height\":2135,\"caption\":\"Maison Boulvern\"},\"image\":{\"@id\":\"https:\\\/\\\/maisonboulvern.com\\\/#\\\/schema\\\/logo\\\/image\\\/\"}}]}<\/script>\n<!-- \/ Yoast SEO plugin. -->","yoast_head_json":{"title":"Festivals et \u00e9v\u00e9nements - Maison Boulvern","robots":{"index":"index","follow":"follow","max-snippet":"max-snippet:-1","max-image-preview":"max-image-preview:large","max-video-preview":"max-video-preview:-1"},"canonical":"https:\/\/maisonboulvern.com\/index.php\/fr\/maison-dhotes\/activites\/festivals-evenements\/","og_locale":"fr_FR","og_type":"article","og_title":"Festivals et \u00e9v\u00e9nements - Maison Boulvern","og_description":"Toute au long de l&rsquo;ann\u00e9e, de nombreux \u00e9v\u00e9nements sont organis\u00e9s en Bretagne. Nous vous pr\u00e9sentons seulement une petite s\u00e9lection de ceux-ci, mais n&rsquo;h\u00e9sitez pas \u00e0 vous renseigner sur le site de l&rsquo;office du tourisme de la r\u00e9gion Bretagne pour plus d&rsquo;actualit\u00e9 et d&rsquo;\u00e9xhaustivit\u00e9.","og_url":"https:\/\/maisonboulvern.com\/index.php\/fr\/maison-dhotes\/activites\/festivals-evenements\/","og_site_name":"Maison Boulvern","article_modified_time":"2019-03-10T18:34:11+00:00","og_image":[{"width":2000,"height":1065,"url":"https:\/\/i0.wp.com\/maisonboulvern.com\/wp-content\/uploads\/2018\/08\/Pardon-StAnne_2000x1065.jpg?fit=2000%2C1065&ssl=1","type":"image\/jpeg"}],"twitter_card":"summary_large_image","schema":{"@context":"https:\/\/schema.org","@graph":[{"@type":"WebPage","@id":"https:\/\/maisonboulvern.com\/index.php\/fr\/maison-dhotes\/activites\/festivals-evenements\/","url":"https:\/\/maisonboulvern.com\/index.php\/fr\/maison-dhotes\/activites\/festivals-evenements\/","name":"Festivals et \u00e9v\u00e9nements - Maison Boulvern","isPartOf":{"@id":"https:\/\/maisonboulvern.com\/#website"},"primaryImageOfPage":{"@id":"https:\/\/maisonboulvern.com\/index.php\/fr\/maison-dhotes\/activites\/festivals-evenements\/#primaryimage"},"image":{"@id":"https:\/\/maisonboulvern.com\/index.php\/fr\/maison-dhotes\/activites\/festivals-evenements\/#primaryimage"},"thumbnailUrl":"https:\/\/i0.wp.com\/maisonboulvern.com\/wp-content\/uploads\/2018\/08\/Pardon-StAnne_2000x1065.jpg?fit=2000%2C1065&ssl=1","datePublished":"2017-05-16T18:30:58+00:00","dateModified":"2019-03-10T18:34:11+00:00","breadcrumb":{"@id":"https:\/\/maisonboulvern.com\/index.php\/fr\/maison-dhotes\/activites\/festivals-evenements\/#breadcrumb"},"inLanguage":"fr-FR","potentialAction":[{"@type":"ReadAction","target":["https:\/\/maisonboulvern.com\/index.php\/fr\/maison-dhotes\/activites\/festivals-evenements\/"]}]},{"@type":"ImageObject","inLanguage":"fr-FR","@id":"https:\/\/maisonboulvern.com\/index.php\/fr\/maison-dhotes\/activites\/festivals-evenements\/#primaryimage","url":"https:\/\/i0.wp.com\/maisonboulvern.com\/wp-content\/uploads\/2018\/08\/Pardon-StAnne_2000x1065.jpg?fit=2000%2C1065&ssl=1","contentUrl":"https:\/\/i0.wp.com\/maisonboulvern.com\/wp-content\/uploads\/2018\/08\/Pardon-StAnne_2000x1065.jpg?fit=2000%2C1065&ssl=1","width":2000,"height":1065},{"@type":"BreadcrumbList","@id":"https:\/\/maisonboulvern.com\/index.php\/fr\/maison-dhotes\/activites\/festivals-evenements\/#breadcrumb","itemListElement":[{"@type":"ListItem","position":1,"name":"Accueil","item":"https:\/\/maisonboulvern.com\/index.php\/fr\/"},{"@type":"ListItem","position":2,"name":"Bienvenue \u00e0 la Maison Boulvern","item":"https:\/\/maisonboulvern.com\/index.php\/fr\/"},{"@type":"ListItem","position":3,"name":"Activit\u00e9s","item":"https:\/\/maisonboulvern.com\/index.php\/fr\/maison-dhotes\/activites\/"},{"@type":"ListItem","position":4,"name":"Festivals et \u00e9v\u00e9nements"}]},{"@type":"WebSite","@id":"https:\/\/maisonboulvern.com\/#website","url":"https:\/\/maisonboulvern.com\/","name":"Maison Boulvern","description":"Chambres d&#039;h\u00f4tes de charme au c\u0153ur du Finist\u00e8re","publisher":{"@id":"https:\/\/maisonboulvern.com\/#organization"},"potentialAction":[{"@type":"SearchAction","target":{"@type":"EntryPoint","urlTemplate":"https:\/\/maisonboulvern.com\/?s={search_term_string}"},"query-input":{"@type":"PropertyValueSpecification","valueRequired":true,"valueName":"search_term_string"}}],"inLanguage":"fr-FR"},{"@type":"Organization","@id":"https:\/\/maisonboulvern.com\/#organization","name":"Maison Boulvern","url":"https:\/\/maisonboulvern.com\/","logo":{"@type":"ImageObject","inLanguage":"fr-FR","@id":"https:\/\/maisonboulvern.com\/#\/schema\/logo\/image\/","url":"https:\/\/i0.wp.com\/maisonboulvern.com\/wp-content\/uploads\/2020\/06\/Icone_512x512.jpg?fit=2135%2C2135&ssl=1","contentUrl":"https:\/\/i0.wp.com\/maisonboulvern.com\/wp-content\/uploads\/2020\/06\/Icone_512x512.jpg?fit=2135%2C2135&ssl=1","width":2135,"height":2135,"caption":"Maison Boulvern"},"image":{"@id":"https:\/\/maisonboulvern.com\/#\/schema\/logo\/image\/"}}]}},"jetpack_sharing_enabled":true,"jetpack_shortlink":"https:\/\/wp.me\/Pa8bKW-1H","jetpack-related-posts":[],"amp_enabled":true,"_links":{"self":[{"href":"https:\/\/maisonboulvern.com\/index.php\/wp-json\/wp\/v2\/pages\/105","targetHints":{"allow":["GET"]}}],"collection":[{"href":"https:\/\/maisonboulvern.com\/index.php\/wp-json\/wp\/v2\/pages"}],"about":[{"href":"https:\/\/maisonboulvern.com\/index.php\/wp-json\/wp\/v2\/types\/page"}],"author":[{"embeddable":true,"href":"https:\/\/maisonboulvern.com\/index.php\/wp-json\/wp\/v2\/users\/1"}],"replies":[{"embeddable":true,"href":"https:\/\/maisonboulvern.com\/index.php\/wp-json\/wp\/v2\/comments?post=105"}],"version-history":[{"count":2,"href":"https:\/\/maisonboulvern.com\/index.php\/wp-json\/wp\/v2\/pages\/105\/revisions"}],"predecessor-version":[{"id":575,"href":"https:\/\/maisonboulvern.com\/index.php\/wp-json\/wp\/v2\/pages\/105\/revisions\/575"}],"up":[{"embeddable":true,"href":"https:\/\/maisonboulvern.com\/index.php\/wp-json\/wp\/v2\/pages\/351"}],"wp:featuredmedia":[{"embeddable":true,"href":"https:\/\/maisonboulvern.com\/index.php\/wp-json\/wp\/v2\/media\/503"}],"wp:attachment":[{"href":"https:\/\/maisonboulvern.com\/index.php\/wp-json\/wp\/v2\/media?parent=105"}],"curies":[{"name":"wp","href":"https:\/\/api.w.org\/{rel}","templated":true}]}}