{"id":115,"date":"2017-05-16T18:37:26","date_gmt":"2017-05-16T18:37:26","guid":{"rendered":"http:\/\/themes.getmotopress.com\/oceanica\/?page_id=115"},"modified":"2019-03-10T19:34:25","modified_gmt":"2019-03-10T18:34:25","slug":"patrimoine-culturel","status":"publish","type":"page","link":"https:\/\/maisonboulvern.com\/index.php\/fr\/maison-dhotes\/activites\/patrimoine-culturel\/","title":{"rendered":"Patrimoine culturel"},"content":{"rendered":"<p>Le patrimoine culturel breton est vivant et riche qu&rsquo;il se trouve au d\u00e9tour d&rsquo;un calvaire, d&rsquo;une chapelle, d&rsquo;une cornemuse, d&rsquo;un fest noz, d&rsquo;une cr\u00eape ou d&rsquo;un kouign-amann<br \/>\n<!--more take a tour--><\/p>\n<p>Les chapelles<\/p>\n<ul>\n<li>Sainte Quillidoar\u00e9, Cast | 5 mins<\/li>\n<\/ul>\n<p>La chapelle Notre Dame de Quillidoar\u00e9 est situ\u00e9e (\u00e0 environ 1 600 m) \u00e0 la sortie de Cast, en direction de Douarnenez. Elle se tient discr\u00e8te au bout d&rsquo;une all\u00e9e de tilleuls au milieu de son plac\u00eetre bord\u00e9 d&rsquo;arbres. Un ancien recteur de la commune nous apprend (en 1856) l&rsquo;origine du nom Quillidoar\u00e9 qui est une contraction de \u00ab\u00a0k\u00e9lou e doar\u00e9\u00a0\u00bb c&rsquo;est \u00e0 dire bonne nouvelle.&nbsp;<a href=\"https:\/\/www.mairie-cast.com\/le-patrimoine\/la-chapelle-de-quillidoar\u00e9\/\" target=\"_blank\" rel=\"noopener noreferrer\">En savoir plus<\/a><\/p>\n<ul>\n<li>Saint Gildas, Cast | \u00e0 5 mins<\/li>\n<\/ul>\n<p>Au sommet de la montagne qui porte son nom, dans une clairi\u00e8re au milieu des h\u00eatres, des cypr\u00e8s et des ch\u00e2taigniers, la chapelle de St Gildas en forme de croix latine s\u2019\u00e9tire d\u00e9mesur\u00e9ment. La particularit\u00e9 de l\u2019\u00e9difice est que le clocher se trouve au dessus du ch\u0153ur.&nbsp;<a href=\"https:\/\/www.mairie-cast.com\/le-patrimoine\/la-chapelle-st-gildas\/\" target=\"_blank\" rel=\"noopener noreferrer\">En savoir plus<\/a><\/p>\n<ul>\n<li>Sainte Barbe, | 8 mins<\/li>\n<\/ul>\n<p>Villes et villages<\/p>\n<ul>\n<li>Locronan | 10 mins<\/li>\n<li>Douarnenez | 20 mins<\/li>\n<li>Quimper | 30 mins<\/li>\n<li>Brest | 45 mins<\/li>\n<\/ul>\n","protected":false},"excerpt":{"rendered":"<p>D\u00e9courvez le patrimoine culturel breton est vivant et riche<\/p>\n","protected":false},"author":1,"featured_media":537,"parent":351,"menu_order":0,"comment_status":"closed","ping_status":"closed","template":"","meta":{"jetpack_post_was_ever_published":false,"footnotes":""},"class_list":["post-115","page","type-page","status-publish","has-post-thumbnail","hentry"],"yoast_head":"<!-- This site is optimized with the Yoast SEO plugin v27.4 - https:\/\/yoast.com\/product\/yoast-seo-wordpress\/ -->\n<title>Patrimoine culturel - Maison Boulvern<\/title>\n<meta name=\"robots\" content=\"index, follow, max-snippet:-1, max-image-preview:large, max-video-preview:-1\" \/>\n<link rel=\"canonical\" href=\"https:\/\/maisonboulvern.com\/index.php\/fr\/maison-dhotes\/activites\/patrimoine-culturel\/\" \/>\n<meta property=\"og:locale\" content=\"fr_FR\" \/>\n<meta property=\"og:type\" content=\"article\" \/>\n<meta property=\"og:title\" content=\"Patrimoine culturel - Maison Boulvern\" \/>\n<meta property=\"og:description\" content=\"D\u00e9courvez le patrimoine culturel breton est vivant et riche\" \/>\n<meta property=\"og:url\" content=\"https:\/\/maisonboulvern.com\/index.php\/fr\/maison-dhotes\/activites\/patrimoine-culturel\/\" \/>\n<meta property=\"og:site_name\" content=\"Maison Boulvern\" \/>\n<meta property=\"article:modified_time\" content=\"2019-03-10T18:34:25+00:00\" \/>\n<meta property=\"og:image\" content=\"https:\/\/i0.wp.com\/maisonboulvern.com\/wp-content\/uploads\/2018\/08\/Quimper-Pre\u0301fecture_2000x1065.jpg?fit=2000%2C1065&ssl=1\" \/>\n\t<meta property=\"og:image:width\" content=\"2000\" \/>\n\t<meta property=\"og:image:height\" content=\"1065\" \/>\n\t<meta property=\"og:image:type\" content=\"image\/jpeg\" \/>\n<meta name=\"twitter:card\" content=\"summary_large_image\" \/>\n<meta name=\"twitter:label1\" content=\"Dur\u00e9e de lecture estim\u00e9e\" \/>\n\t<meta name=\"twitter:data1\" content=\"1 minute\" \/>\n<script type=\"application\/ld+json\" class=\"yoast-schema-graph\">{\"@context\":\"https:\\\/\\\/schema.org\",\"@graph\":[{\"@type\":\"WebPage\",\"@id\":\"https:\\\/\\\/maisonboulvern.com\\\/index.php\\\/fr\\\/maison-dhotes\\\/activites\\\/patrimoine-culturel\\\/\",\"url\":\"https:\\\/\\\/maisonboulvern.com\\\/index.php\\\/fr\\\/maison-dhotes\\\/activites\\\/patrimoine-culturel\\\/\",\"name\":\"Patrimoine culturel - Maison Boulvern\",\"isPartOf\":{\"@id\":\"https:\\\/\\\/maisonboulvern.com\\\/#website\"},\"primaryImageOfPage\":{\"@id\":\"https:\\\/\\\/maisonboulvern.com\\\/index.php\\\/fr\\\/maison-dhotes\\\/activites\\\/patrimoine-culturel\\\/#primaryimage\"},\"image\":{\"@id\":\"https:\\\/\\\/maisonboulvern.com\\\/index.php\\\/fr\\\/maison-dhotes\\\/activites\\\/patrimoine-culturel\\\/#primaryimage\"},\"thumbnailUrl\":\"https:\\\/\\\/i0.wp.com\\\/maisonboulvern.com\\\/wp-content\\\/uploads\\\/2018\\\/08\\\/Quimper-Pre%CC%81fecture_2000x1065.jpg?fit=2000%2C1065&ssl=1\",\"datePublished\":\"2017-05-16T18:37:26+00:00\",\"dateModified\":\"2019-03-10T18:34:25+00:00\",\"breadcrumb\":{\"@id\":\"https:\\\/\\\/maisonboulvern.com\\\/index.php\\\/fr\\\/maison-dhotes\\\/activites\\\/patrimoine-culturel\\\/#breadcrumb\"},\"inLanguage\":\"fr-FR\",\"potentialAction\":[{\"@type\":\"ReadAction\",\"target\":[\"https:\\\/\\\/maisonboulvern.com\\\/index.php\\\/fr\\\/maison-dhotes\\\/activites\\\/patrimoine-culturel\\\/\"]}]},{\"@type\":\"ImageObject\",\"inLanguage\":\"fr-FR\",\"@id\":\"https:\\\/\\\/maisonboulvern.com\\\/index.php\\\/fr\\\/maison-dhotes\\\/activites\\\/patrimoine-culturel\\\/#primaryimage\",\"url\":\"https:\\\/\\\/i0.wp.com\\\/maisonboulvern.com\\\/wp-content\\\/uploads\\\/2018\\\/08\\\/Quimper-Pre%CC%81fecture_2000x1065.jpg?fit=2000%2C1065&ssl=1\",\"contentUrl\":\"https:\\\/\\\/i0.wp.com\\\/maisonboulvern.com\\\/wp-content\\\/uploads\\\/2018\\\/08\\\/Quimper-Pre%CC%81fecture_2000x1065.jpg?fit=2000%2C1065&ssl=1\",\"width\":2000,\"height\":1065},{\"@type\":\"BreadcrumbList\",\"@id\":\"https:\\\/\\\/maisonboulvern.com\\\/index.php\\\/fr\\\/maison-dhotes\\\/activites\\\/patrimoine-culturel\\\/#breadcrumb\",\"itemListElement\":[{\"@type\":\"ListItem\",\"position\":1,\"name\":\"Accueil\",\"item\":\"https:\\\/\\\/maisonboulvern.com\\\/index.php\\\/fr\\\/\"},{\"@type\":\"ListItem\",\"position\":2,\"name\":\"Bienvenue \u00e0 la Maison Boulvern\",\"item\":\"https:\\\/\\\/maisonboulvern.com\\\/index.php\\\/fr\\\/\"},{\"@type\":\"ListItem\",\"position\":3,\"name\":\"Activit\u00e9s\",\"item\":\"https:\\\/\\\/maisonboulvern.com\\\/index.php\\\/fr\\\/maison-dhotes\\\/activites\\\/\"},{\"@type\":\"ListItem\",\"position\":4,\"name\":\"Patrimoine culturel\"}]},{\"@type\":\"WebSite\",\"@id\":\"https:\\\/\\\/maisonboulvern.com\\\/#website\",\"url\":\"https:\\\/\\\/maisonboulvern.com\\\/\",\"name\":\"Maison Boulvern\",\"description\":\"Chambres d&#039;h\u00f4tes de charme au c\u0153ur du Finist\u00e8re\",\"publisher\":{\"@id\":\"https:\\\/\\\/maisonboulvern.com\\\/#organization\"},\"potentialAction\":[{\"@type\":\"SearchAction\",\"target\":{\"@type\":\"EntryPoint\",\"urlTemplate\":\"https:\\\/\\\/maisonboulvern.com\\\/?s={search_term_string}\"},\"query-input\":{\"@type\":\"PropertyValueSpecification\",\"valueRequired\":true,\"valueName\":\"search_term_string\"}}],\"inLanguage\":\"fr-FR\"},{\"@type\":\"Organization\",\"@id\":\"https:\\\/\\\/maisonboulvern.com\\\/#organization\",\"name\":\"Maison Boulvern\",\"url\":\"https:\\\/\\\/maisonboulvern.com\\\/\",\"logo\":{\"@type\":\"ImageObject\",\"inLanguage\":\"fr-FR\",\"@id\":\"https:\\\/\\\/maisonboulvern.com\\\/#\\\/schema\\\/logo\\\/image\\\/\",\"url\":\"https:\\\/\\\/i0.wp.com\\\/maisonboulvern.com\\\/wp-content\\\/uploads\\\/2020\\\/06\\\/Icone_512x512.jpg?fit=2135%2C2135&ssl=1\",\"contentUrl\":\"https:\\\/\\\/i0.wp.com\\\/maisonboulvern.com\\\/wp-content\\\/uploads\\\/2020\\\/06\\\/Icone_512x512.jpg?fit=2135%2C2135&ssl=1\",\"width\":2135,\"height\":2135,\"caption\":\"Maison Boulvern\"},\"image\":{\"@id\":\"https:\\\/\\\/maisonboulvern.com\\\/#\\\/schema\\\/logo\\\/image\\\/\"}}]}<\/script>\n<!-- \/ Yoast SEO plugin. -->","yoast_head_json":{"title":"Patrimoine culturel - Maison Boulvern","robots":{"index":"index","follow":"follow","max-snippet":"max-snippet:-1","max-image-preview":"max-image-preview:large","max-video-preview":"max-video-preview:-1"},"canonical":"https:\/\/maisonboulvern.com\/index.php\/fr\/maison-dhotes\/activites\/patrimoine-culturel\/","og_locale":"fr_FR","og_type":"article","og_title":"Patrimoine culturel - Maison Boulvern","og_description":"D\u00e9courvez le patrimoine culturel breton est vivant et riche","og_url":"https:\/\/maisonboulvern.com\/index.php\/fr\/maison-dhotes\/activites\/patrimoine-culturel\/","og_site_name":"Maison Boulvern","article_modified_time":"2019-03-10T18:34:25+00:00","og_image":[{"width":2000,"height":1065,"url":"https:\/\/i0.wp.com\/maisonboulvern.com\/wp-content\/uploads\/2018\/08\/Quimper-Pre\u0301fecture_2000x1065.jpg?fit=2000%2C1065&ssl=1","type":"image\/jpeg"}],"twitter_card":"summary_large_image","twitter_misc":{"Dur\u00e9e de lecture estim\u00e9e":"1 minute"},"schema":{"@context":"https:\/\/schema.org","@graph":[{"@type":"WebPage","@id":"https:\/\/maisonboulvern.com\/index.php\/fr\/maison-dhotes\/activites\/patrimoine-culturel\/","url":"https:\/\/maisonboulvern.com\/index.php\/fr\/maison-dhotes\/activites\/patrimoine-culturel\/","name":"Patrimoine culturel - Maison Boulvern","isPartOf":{"@id":"https:\/\/maisonboulvern.com\/#website"},"primaryImageOfPage":{"@id":"https:\/\/maisonboulvern.com\/index.php\/fr\/maison-dhotes\/activites\/patrimoine-culturel\/#primaryimage"},"image":{"@id":"https:\/\/maisonboulvern.com\/index.php\/fr\/maison-dhotes\/activites\/patrimoine-culturel\/#primaryimage"},"thumbnailUrl":"https:\/\/i0.wp.com\/maisonboulvern.com\/wp-content\/uploads\/2018\/08\/Quimper-Pre%CC%81fecture_2000x1065.jpg?fit=2000%2C1065&ssl=1","datePublished":"2017-05-16T18:37:26+00:00","dateModified":"2019-03-10T18:34:25+00:00","breadcrumb":{"@id":"https:\/\/maisonboulvern.com\/index.php\/fr\/maison-dhotes\/activites\/patrimoine-culturel\/#breadcrumb"},"inLanguage":"fr-FR","potentialAction":[{"@type":"ReadAction","target":["https:\/\/maisonboulvern.com\/index.php\/fr\/maison-dhotes\/activites\/patrimoine-culturel\/"]}]},{"@type":"ImageObject","inLanguage":"fr-FR","@id":"https:\/\/maisonboulvern.com\/index.php\/fr\/maison-dhotes\/activites\/patrimoine-culturel\/#primaryimage","url":"https:\/\/i0.wp.com\/maisonboulvern.com\/wp-content\/uploads\/2018\/08\/Quimper-Pre%CC%81fecture_2000x1065.jpg?fit=2000%2C1065&ssl=1","contentUrl":"https:\/\/i0.wp.com\/maisonboulvern.com\/wp-content\/uploads\/2018\/08\/Quimper-Pre%CC%81fecture_2000x1065.jpg?fit=2000%2C1065&ssl=1","width":2000,"height":1065},{"@type":"BreadcrumbList","@id":"https:\/\/maisonboulvern.com\/index.php\/fr\/maison-dhotes\/activites\/patrimoine-culturel\/#breadcrumb","itemListElement":[{"@type":"ListItem","position":1,"name":"Accueil","item":"https:\/\/maisonboulvern.com\/index.php\/fr\/"},{"@type":"ListItem","position":2,"name":"Bienvenue \u00e0 la Maison Boulvern","item":"https:\/\/maisonboulvern.com\/index.php\/fr\/"},{"@type":"ListItem","position":3,"name":"Activit\u00e9s","item":"https:\/\/maisonboulvern.com\/index.php\/fr\/maison-dhotes\/activites\/"},{"@type":"ListItem","position":4,"name":"Patrimoine culturel"}]},{"@type":"WebSite","@id":"https:\/\/maisonboulvern.com\/#website","url":"https:\/\/maisonboulvern.com\/","name":"Maison Boulvern","description":"Chambres d&#039;h\u00f4tes de charme au c\u0153ur du Finist\u00e8re","publisher":{"@id":"https:\/\/maisonboulvern.com\/#organization"},"potentialAction":[{"@type":"SearchAction","target":{"@type":"EntryPoint","urlTemplate":"https:\/\/maisonboulvern.com\/?s={search_term_string}"},"query-input":{"@type":"PropertyValueSpecification","valueRequired":true,"valueName":"search_term_string"}}],"inLanguage":"fr-FR"},{"@type":"Organization","@id":"https:\/\/maisonboulvern.com\/#organization","name":"Maison Boulvern","url":"https:\/\/maisonboulvern.com\/","logo":{"@type":"ImageObject","inLanguage":"fr-FR","@id":"https:\/\/maisonboulvern.com\/#\/schema\/logo\/image\/","url":"https:\/\/i0.wp.com\/maisonboulvern.com\/wp-content\/uploads\/2020\/06\/Icone_512x512.jpg?fit=2135%2C2135&ssl=1","contentUrl":"https:\/\/i0.wp.com\/maisonboulvern.com\/wp-content\/uploads\/2020\/06\/Icone_512x512.jpg?fit=2135%2C2135&ssl=1","width":2135,"height":2135,"caption":"Maison Boulvern"},"image":{"@id":"https:\/\/maisonboulvern.com\/#\/schema\/logo\/image\/"}}]}},"jetpack_sharing_enabled":true,"jetpack_shortlink":"https:\/\/wp.me\/Pa8bKW-1R","jetpack-related-posts":[],"amp_enabled":true,"_links":{"self":[{"href":"https:\/\/maisonboulvern.com\/index.php\/wp-json\/wp\/v2\/pages\/115","targetHints":{"allow":["GET"]}}],"collection":[{"href":"https:\/\/maisonboulvern.com\/index.php\/wp-json\/wp\/v2\/pages"}],"about":[{"href":"https:\/\/maisonboulvern.com\/index.php\/wp-json\/wp\/v2\/types\/page"}],"author":[{"embeddable":true,"href":"https:\/\/maisonboulvern.com\/index.php\/wp-json\/wp\/v2\/users\/1"}],"replies":[{"embeddable":true,"href":"https:\/\/maisonboulvern.com\/index.php\/wp-json\/wp\/v2\/comments?post=115"}],"version-history":[{"count":3,"href":"https:\/\/maisonboulvern.com\/index.php\/wp-json\/wp\/v2\/pages\/115\/revisions"}],"predecessor-version":[{"id":619,"href":"https:\/\/maisonboulvern.com\/index.php\/wp-json\/wp\/v2\/pages\/115\/revisions\/619"}],"up":[{"embeddable":true,"href":"https:\/\/maisonboulvern.com\/index.php\/wp-json\/wp\/v2\/pages\/351"}],"wp:featuredmedia":[{"embeddable":true,"href":"https:\/\/maisonboulvern.com\/index.php\/wp-json\/wp\/v2\/media\/537"}],"wp:attachment":[{"href":"https:\/\/maisonboulvern.com\/index.php\/wp-json\/wp\/v2\/media?parent=115"}],"curies":[{"name":"wp","href":"https:\/\/api.w.org\/{rel}","templated":true}]}}