{"id":117,"date":"2017-05-16T18:38:29","date_gmt":"2017-05-16T18:38:29","guid":{"rendered":"http:\/\/themes.getmotopress.com\/oceanica\/?page_id=117"},"modified":"2019-03-10T19:36:25","modified_gmt":"2019-03-10T18:36:25","slug":"sports-et-randonnees","status":"publish","type":"page","link":"https:\/\/maisonboulvern.com\/index.php\/fr\/maison-dhotes\/activites\/sports-et-randonnees\/","title":{"rendered":"Sports et randonn\u00e9es"},"content":{"rendered":"<p>L&rsquo;air vivifiant de la Bretagne est parfait pour s&rsquo;adonner sans limite \u00e0 des activit\u00e9s sportives qu&rsquo;elles soient sur terre, en mer et m\u00eame dans les airs !<br \/>\n<!--more Book Lessons-->Sur terre:<\/p>\n<ul>\n<li>Randonn\u00e9es p\u00e9destres sur le long de la c\u00f4te bretonne en suivant le sentier des douaniers (GR34). Il s&rsquo;\u00e9tend du Mont St Michel \u00e0 St Nazaire sur quelques 1 800 km! Vous y d\u00e9couvrirez des paysages de cartes postales sur la baie de Douarnenez, la rade de Brest ou le raz de Sein. \u00c0 couper le souffle! pour plus d&rsquo;information: <a href=\"http:\/\/rando.tourismebretagne.com\/decouvrir\/les-itineraires-emblematiques\/gr-r-34-le-sentier-des-douaniers\" target=\"_blank\" rel=\"noopener noreferrer\">Randonn\u00e9es tourisme Bretagne<\/a><\/li>\n<li>Randonn\u00e9es \u00e0 v\u00e9lo le long de l&rsquo;Aulne maritime en partant par le village pitoresque du Faou, vous decouvrirez les vestiges de l&rsquo;abbaye de Land\u00e9v\u00e9nec, le magnifique pont suspendu de T\u00e9r\u00e9nez, les villages charg\u00e9s d&rsquo;histoire d&rsquo;Argol, Tregarvan et Dineault et finir par Port Launay o\u00f9 le canal Nantes Brest se termine.&nbsp;pour plus d&rsquo;information:&nbsp;<a href=\"https:\/\/www.routes-touristiques.com\/tourisme\/les-circuits\/bretagne\/route-touristique-de-l-aulne-maritime-29.html\" target=\"_blank\" rel=\"noopener noreferrer\">Randonn\u00e9es de l&rsquo;Aulne maritime<\/a><\/li>\n<li>Location de char \u00e0 voile sur la plage de Saint Anne-la-Palud ou de Pentrez. Aux heures de mar\u00e9e basse, l&rsquo;immensit\u00e9 de ces 2 plages devient le parfait terrain pour d\u00e9couvrir le char \u00e0 voile entre amis, en famille ou entre coll\u00e8gues. Pr\u00e9parez-vous \u00e0 des sensations fortes.&nbsp;pour plus d&rsquo;information:&nbsp;<a href=\"http:\/\/www.aulne-porzay-tourisme.com\/bouger\/sport-a-sensation\/char-a-voile-de-ste-anne-la-palud\" target=\"_blank\" rel=\"noopener noreferrer\">Char \u00e0 voile \u00e0 Saint Anne<\/a>&nbsp;et&nbsp;<a href=\"http:\/\/www.aulne-porzay-tourisme.com\/bouger\/sport-a-sensation\/club-de-char-a-voile-de-pentrez\" target=\"_blank\" rel=\"noopener noreferrer\">Char \u00e0 voile \u00e0 Pentrez<\/a><\/li>\n<\/ul>\n<p>En mer:<\/p>\n<ul>\n<li>Location de surf, stand up paddle, kayak ou bodyboard sur la plage de Kervel. L&rsquo;encadrement sera vous conseill\u00e9 et vous accompagn\u00e9 quelque soit votre niveau. pour plus d&rsquo;information:&nbsp;<a href=\"http:\/\/www.aulne-porzay-tourisme.com\/bouger\/activite-de-loisirs\/natura-bay\">Natura Bay sur la plage de Kervel<\/a><\/li>\n<li>Vous pr\u00e9f\u00e9rez la rivi\u00e8re \u00e0 la mer, alors embraquez vous sur un kayak \u00e0 partir de Ch\u00e2teaulin et remontez l&rsquo;Aulne et le canal Nantes Brest. Peut-\u00eatre y croiserez vous des saumons? pour plus d&rsquo;information:&nbsp;<a href=\"http:\/\/www.aulne-porzay-tourisme.com\/bouger\/activite-de-loisirs\/aulne-canoe-kayak\" target=\"_blank\" rel=\"noopener noreferrer\">Aulne Cano\u00eb Kayak \u00e0 Ch\u00e2teaulin<\/a><\/li>\n<\/ul>\n<p>Dans les airs:<\/p>\n<ul>\n<li>Bapt\u00eame ou stages de parapente en partant du Menez Hom. Prenez de la hauteur en vous envolant \u00e0 partir de l&rsquo;un des points culminants de la Bretagne (330m) et ouvrez grand les yeux car la vue sur la baie de Douarnenez, la presqu&rsquo;\u00eele de Crozon et la vall\u00e9e de l&rsquo;Aulne est un spectacle que vous n&rsquo;oublierez jamais. pour pplsu d&rsquo;information:&nbsp;<a href=\"http:\/\/www.aulne-porzay-tourisme.com\/bouger\/sport-a-sensation\/ecole-de-vol-libre-du-menez-hom\" target=\"_blank\" rel=\"noopener noreferrer\">\u00c9cole de Vol libre du Menez Hom<\/a><\/li>\n<\/ul>\n<p><img data-recalc-dims=\"1\" loading=\"lazy\" decoding=\"async\" data-attachment-id=\"475\" data-permalink=\"https:\/\/maisonboulvern.com\/index.php\/fr\/maison-dhotes\/activites\/sports-et-randonnees\/activites_parapente_2000x1065\/\" data-orig-file=\"https:\/\/i0.wp.com\/maisonboulvern.com\/wp-content\/uploads\/2018\/07\/Activit%C3%A9s_Parapente_2000x1065.jpg?fit=2000%2C1065&amp;ssl=1\" data-orig-size=\"2000,1065\" data-comments-opened=\"1\" data-image-meta=\"{&quot;aperture&quot;:&quot;0&quot;,&quot;credit&quot;:&quot;&quot;,&quot;camera&quot;:&quot;&quot;,&quot;caption&quot;:&quot;&quot;,&quot;created_timestamp&quot;:&quot;0&quot;,&quot;copyright&quot;:&quot;&quot;,&quot;focal_length&quot;:&quot;0&quot;,&quot;iso&quot;:&quot;0&quot;,&quot;shutter_speed&quot;:&quot;0&quot;,&quot;title&quot;:&quot;&quot;,&quot;orientation&quot;:&quot;1&quot;}\" data-image-title=\"Activit\u00e9s_Parapente_2000x1065\" data-image-description=\"\" data-image-caption=\"\" data-large-file=\"https:\/\/i0.wp.com\/maisonboulvern.com\/wp-content\/uploads\/2018\/07\/Activit%C3%A9s_Parapente_2000x1065.jpg?fit=748%2C398&amp;ssl=1\" class=\"alignnone size-full wp-image-475\" src=\"https:\/\/i0.wp.com\/maisonboulvern.com\/wp-content\/uploads\/2018\/07\/Activit%C3%A9s_Parapente_2000x1065.jpg?resize=748%2C398\" alt=\"Activit\u00e9s_Parapente_2000x1065\" width=\"748\" height=\"398\" srcset=\"https:\/\/i0.wp.com\/maisonboulvern.com\/wp-content\/uploads\/2018\/07\/Activit%C3%A9s_Parapente_2000x1065.jpg?w=2000&amp;ssl=1 2000w, https:\/\/i0.wp.com\/maisonboulvern.com\/wp-content\/uploads\/2018\/07\/Activit%C3%A9s_Parapente_2000x1065.jpg?resize=300%2C160&amp;ssl=1 300w, https:\/\/i0.wp.com\/maisonboulvern.com\/wp-content\/uploads\/2018\/07\/Activit%C3%A9s_Parapente_2000x1065.jpg?resize=768%2C409&amp;ssl=1 768w, https:\/\/i0.wp.com\/maisonboulvern.com\/wp-content\/uploads\/2018\/07\/Activit%C3%A9s_Parapente_2000x1065.jpg?resize=1024%2C545&amp;ssl=1 1024w, https:\/\/i0.wp.com\/maisonboulvern.com\/wp-content\/uploads\/2018\/07\/Activit%C3%A9s_Parapente_2000x1065.jpg?resize=1052%2C560&amp;ssl=1 1052w, https:\/\/i0.wp.com\/maisonboulvern.com\/wp-content\/uploads\/2018\/07\/Activit%C3%A9s_Parapente_2000x1065.jpg?w=1496&amp;ssl=1 1496w\" sizes=\"auto, (max-width: 748px) 100vw, 748px\" \/><\/p>\n<p>You&rsquo;ll enjoy the lessons and will be the fun of this activity always onward!<\/p>\n","protected":false},"excerpt":{"rendered":"<p>Awesome surf lessons for beginners and advanced surfers<\/p>\n","protected":false},"author":1,"featured_media":474,"parent":351,"menu_order":0,"comment_status":"closed","ping_status":"closed","template":"","meta":{"jetpack_post_was_ever_published":false,"footnotes":""},"class_list":["post-117","page","type-page","status-publish","has-post-thumbnail","hentry"],"yoast_head":"<!-- This site is optimized with the Yoast SEO plugin v27.4 - https:\/\/yoast.com\/product\/yoast-seo-wordpress\/ -->\n<title>Sports et randonn\u00e9es - Maison Boulvern<\/title>\n<meta name=\"robots\" content=\"index, follow, max-snippet:-1, max-image-preview:large, max-video-preview:-1\" \/>\n<link rel=\"canonical\" href=\"https:\/\/maisonboulvern.com\/index.php\/fr\/maison-dhotes\/activites\/sports-et-randonnees\/\" \/>\n<meta property=\"og:locale\" content=\"fr_FR\" \/>\n<meta property=\"og:type\" content=\"article\" \/>\n<meta property=\"og:title\" content=\"Sports et randonn\u00e9es - Maison Boulvern\" \/>\n<meta property=\"og:description\" content=\"Awesome surf lessons for beginners and advanced surfers\" \/>\n<meta property=\"og:url\" content=\"https:\/\/maisonboulvern.com\/index.php\/fr\/maison-dhotes\/activites\/sports-et-randonnees\/\" \/>\n<meta property=\"og:site_name\" content=\"Maison Boulvern\" \/>\n<meta property=\"article:modified_time\" content=\"2019-03-10T18:36:25+00:00\" \/>\n<meta property=\"og:image\" content=\"https:\/\/i0.wp.com\/maisonboulvern.com\/wp-content\/uploads\/2018\/07\/Activit\u00e9s_Charavoile_2000x1065.jpg?fit=2000%2C1065&ssl=1\" \/>\n\t<meta property=\"og:image:width\" content=\"2000\" \/>\n\t<meta property=\"og:image:height\" content=\"1065\" \/>\n\t<meta property=\"og:image:type\" content=\"image\/jpeg\" \/>\n<meta name=\"twitter:card\" content=\"summary_large_image\" \/>\n<meta name=\"twitter:label1\" content=\"Dur\u00e9e de lecture estim\u00e9e\" \/>\n\t<meta name=\"twitter:data1\" content=\"2 minutes\" \/>\n<script type=\"application\/ld+json\" class=\"yoast-schema-graph\">{\"@context\":\"https:\\\/\\\/schema.org\",\"@graph\":[{\"@type\":\"WebPage\",\"@id\":\"https:\\\/\\\/maisonboulvern.com\\\/index.php\\\/fr\\\/maison-dhotes\\\/activites\\\/sports-et-randonnees\\\/\",\"url\":\"https:\\\/\\\/maisonboulvern.com\\\/index.php\\\/fr\\\/maison-dhotes\\\/activites\\\/sports-et-randonnees\\\/\",\"name\":\"Sports et randonn\u00e9es - Maison Boulvern\",\"isPartOf\":{\"@id\":\"https:\\\/\\\/maisonboulvern.com\\\/#website\"},\"primaryImageOfPage\":{\"@id\":\"https:\\\/\\\/maisonboulvern.com\\\/index.php\\\/fr\\\/maison-dhotes\\\/activites\\\/sports-et-randonnees\\\/#primaryimage\"},\"image\":{\"@id\":\"https:\\\/\\\/maisonboulvern.com\\\/index.php\\\/fr\\\/maison-dhotes\\\/activites\\\/sports-et-randonnees\\\/#primaryimage\"},\"thumbnailUrl\":\"https:\\\/\\\/i0.wp.com\\\/maisonboulvern.com\\\/wp-content\\\/uploads\\\/2018\\\/07\\\/Activit%C3%A9s_Charavoile_2000x1065.jpg?fit=2000%2C1065&ssl=1\",\"datePublished\":\"2017-05-16T18:38:29+00:00\",\"dateModified\":\"2019-03-10T18:36:25+00:00\",\"breadcrumb\":{\"@id\":\"https:\\\/\\\/maisonboulvern.com\\\/index.php\\\/fr\\\/maison-dhotes\\\/activites\\\/sports-et-randonnees\\\/#breadcrumb\"},\"inLanguage\":\"fr-FR\",\"potentialAction\":[{\"@type\":\"ReadAction\",\"target\":[\"https:\\\/\\\/maisonboulvern.com\\\/index.php\\\/fr\\\/maison-dhotes\\\/activites\\\/sports-et-randonnees\\\/\"]}]},{\"@type\":\"ImageObject\",\"inLanguage\":\"fr-FR\",\"@id\":\"https:\\\/\\\/maisonboulvern.com\\\/index.php\\\/fr\\\/maison-dhotes\\\/activites\\\/sports-et-randonnees\\\/#primaryimage\",\"url\":\"https:\\\/\\\/i0.wp.com\\\/maisonboulvern.com\\\/wp-content\\\/uploads\\\/2018\\\/07\\\/Activit%C3%A9s_Charavoile_2000x1065.jpg?fit=2000%2C1065&ssl=1\",\"contentUrl\":\"https:\\\/\\\/i0.wp.com\\\/maisonboulvern.com\\\/wp-content\\\/uploads\\\/2018\\\/07\\\/Activit%C3%A9s_Charavoile_2000x1065.jpg?fit=2000%2C1065&ssl=1\",\"width\":2000,\"height\":1065},{\"@type\":\"BreadcrumbList\",\"@id\":\"https:\\\/\\\/maisonboulvern.com\\\/index.php\\\/fr\\\/maison-dhotes\\\/activites\\\/sports-et-randonnees\\\/#breadcrumb\",\"itemListElement\":[{\"@type\":\"ListItem\",\"position\":1,\"name\":\"Accueil\",\"item\":\"https:\\\/\\\/maisonboulvern.com\\\/index.php\\\/fr\\\/\"},{\"@type\":\"ListItem\",\"position\":2,\"name\":\"Bienvenue \u00e0 la Maison Boulvern\",\"item\":\"https:\\\/\\\/maisonboulvern.com\\\/index.php\\\/fr\\\/\"},{\"@type\":\"ListItem\",\"position\":3,\"name\":\"Activit\u00e9s\",\"item\":\"https:\\\/\\\/maisonboulvern.com\\\/index.php\\\/fr\\\/maison-dhotes\\\/activites\\\/\"},{\"@type\":\"ListItem\",\"position\":4,\"name\":\"Sports et randonn\u00e9es\"}]},{\"@type\":\"WebSite\",\"@id\":\"https:\\\/\\\/maisonboulvern.com\\\/#website\",\"url\":\"https:\\\/\\\/maisonboulvern.com\\\/\",\"name\":\"Maison Boulvern\",\"description\":\"Chambres d&#039;h\u00f4tes de charme au c\u0153ur du Finist\u00e8re\",\"publisher\":{\"@id\":\"https:\\\/\\\/maisonboulvern.com\\\/#organization\"},\"potentialAction\":[{\"@type\":\"SearchAction\",\"target\":{\"@type\":\"EntryPoint\",\"urlTemplate\":\"https:\\\/\\\/maisonboulvern.com\\\/?s={search_term_string}\"},\"query-input\":{\"@type\":\"PropertyValueSpecification\",\"valueRequired\":true,\"valueName\":\"search_term_string\"}}],\"inLanguage\":\"fr-FR\"},{\"@type\":\"Organization\",\"@id\":\"https:\\\/\\\/maisonboulvern.com\\\/#organization\",\"name\":\"Maison Boulvern\",\"url\":\"https:\\\/\\\/maisonboulvern.com\\\/\",\"logo\":{\"@type\":\"ImageObject\",\"inLanguage\":\"fr-FR\",\"@id\":\"https:\\\/\\\/maisonboulvern.com\\\/#\\\/schema\\\/logo\\\/image\\\/\",\"url\":\"https:\\\/\\\/i0.wp.com\\\/maisonboulvern.com\\\/wp-content\\\/uploads\\\/2020\\\/06\\\/Icone_512x512.jpg?fit=2135%2C2135&ssl=1\",\"contentUrl\":\"https:\\\/\\\/i0.wp.com\\\/maisonboulvern.com\\\/wp-content\\\/uploads\\\/2020\\\/06\\\/Icone_512x512.jpg?fit=2135%2C2135&ssl=1\",\"width\":2135,\"height\":2135,\"caption\":\"Maison Boulvern\"},\"image\":{\"@id\":\"https:\\\/\\\/maisonboulvern.com\\\/#\\\/schema\\\/logo\\\/image\\\/\"}}]}<\/script>\n<!-- \/ Yoast SEO plugin. -->","yoast_head_json":{"title":"Sports et randonn\u00e9es - Maison Boulvern","robots":{"index":"index","follow":"follow","max-snippet":"max-snippet:-1","max-image-preview":"max-image-preview:large","max-video-preview":"max-video-preview:-1"},"canonical":"https:\/\/maisonboulvern.com\/index.php\/fr\/maison-dhotes\/activites\/sports-et-randonnees\/","og_locale":"fr_FR","og_type":"article","og_title":"Sports et randonn\u00e9es - Maison Boulvern","og_description":"Awesome surf lessons for beginners and advanced surfers","og_url":"https:\/\/maisonboulvern.com\/index.php\/fr\/maison-dhotes\/activites\/sports-et-randonnees\/","og_site_name":"Maison Boulvern","article_modified_time":"2019-03-10T18:36:25+00:00","og_image":[{"width":2000,"height":1065,"url":"https:\/\/i0.wp.com\/maisonboulvern.com\/wp-content\/uploads\/2018\/07\/Activit\u00e9s_Charavoile_2000x1065.jpg?fit=2000%2C1065&ssl=1","type":"image\/jpeg"}],"twitter_card":"summary_large_image","twitter_misc":{"Dur\u00e9e de lecture estim\u00e9e":"2 minutes"},"schema":{"@context":"https:\/\/schema.org","@graph":[{"@type":"WebPage","@id":"https:\/\/maisonboulvern.com\/index.php\/fr\/maison-dhotes\/activites\/sports-et-randonnees\/","url":"https:\/\/maisonboulvern.com\/index.php\/fr\/maison-dhotes\/activites\/sports-et-randonnees\/","name":"Sports et randonn\u00e9es - Maison Boulvern","isPartOf":{"@id":"https:\/\/maisonboulvern.com\/#website"},"primaryImageOfPage":{"@id":"https:\/\/maisonboulvern.com\/index.php\/fr\/maison-dhotes\/activites\/sports-et-randonnees\/#primaryimage"},"image":{"@id":"https:\/\/maisonboulvern.com\/index.php\/fr\/maison-dhotes\/activites\/sports-et-randonnees\/#primaryimage"},"thumbnailUrl":"https:\/\/i0.wp.com\/maisonboulvern.com\/wp-content\/uploads\/2018\/07\/Activit%C3%A9s_Charavoile_2000x1065.jpg?fit=2000%2C1065&ssl=1","datePublished":"2017-05-16T18:38:29+00:00","dateModified":"2019-03-10T18:36:25+00:00","breadcrumb":{"@id":"https:\/\/maisonboulvern.com\/index.php\/fr\/maison-dhotes\/activites\/sports-et-randonnees\/#breadcrumb"},"inLanguage":"fr-FR","potentialAction":[{"@type":"ReadAction","target":["https:\/\/maisonboulvern.com\/index.php\/fr\/maison-dhotes\/activites\/sports-et-randonnees\/"]}]},{"@type":"ImageObject","inLanguage":"fr-FR","@id":"https:\/\/maisonboulvern.com\/index.php\/fr\/maison-dhotes\/activites\/sports-et-randonnees\/#primaryimage","url":"https:\/\/i0.wp.com\/maisonboulvern.com\/wp-content\/uploads\/2018\/07\/Activit%C3%A9s_Charavoile_2000x1065.jpg?fit=2000%2C1065&ssl=1","contentUrl":"https:\/\/i0.wp.com\/maisonboulvern.com\/wp-content\/uploads\/2018\/07\/Activit%C3%A9s_Charavoile_2000x1065.jpg?fit=2000%2C1065&ssl=1","width":2000,"height":1065},{"@type":"BreadcrumbList","@id":"https:\/\/maisonboulvern.com\/index.php\/fr\/maison-dhotes\/activites\/sports-et-randonnees\/#breadcrumb","itemListElement":[{"@type":"ListItem","position":1,"name":"Accueil","item":"https:\/\/maisonboulvern.com\/index.php\/fr\/"},{"@type":"ListItem","position":2,"name":"Bienvenue \u00e0 la Maison Boulvern","item":"https:\/\/maisonboulvern.com\/index.php\/fr\/"},{"@type":"ListItem","position":3,"name":"Activit\u00e9s","item":"https:\/\/maisonboulvern.com\/index.php\/fr\/maison-dhotes\/activites\/"},{"@type":"ListItem","position":4,"name":"Sports et randonn\u00e9es"}]},{"@type":"WebSite","@id":"https:\/\/maisonboulvern.com\/#website","url":"https:\/\/maisonboulvern.com\/","name":"Maison Boulvern","description":"Chambres d&#039;h\u00f4tes de charme au c\u0153ur du Finist\u00e8re","publisher":{"@id":"https:\/\/maisonboulvern.com\/#organization"},"potentialAction":[{"@type":"SearchAction","target":{"@type":"EntryPoint","urlTemplate":"https:\/\/maisonboulvern.com\/?s={search_term_string}"},"query-input":{"@type":"PropertyValueSpecification","valueRequired":true,"valueName":"search_term_string"}}],"inLanguage":"fr-FR"},{"@type":"Organization","@id":"https:\/\/maisonboulvern.com\/#organization","name":"Maison Boulvern","url":"https:\/\/maisonboulvern.com\/","logo":{"@type":"ImageObject","inLanguage":"fr-FR","@id":"https:\/\/maisonboulvern.com\/#\/schema\/logo\/image\/","url":"https:\/\/i0.wp.com\/maisonboulvern.com\/wp-content\/uploads\/2020\/06\/Icone_512x512.jpg?fit=2135%2C2135&ssl=1","contentUrl":"https:\/\/i0.wp.com\/maisonboulvern.com\/wp-content\/uploads\/2020\/06\/Icone_512x512.jpg?fit=2135%2C2135&ssl=1","width":2135,"height":2135,"caption":"Maison Boulvern"},"image":{"@id":"https:\/\/maisonboulvern.com\/#\/schema\/logo\/image\/"}}]}},"jetpack_sharing_enabled":true,"jetpack_shortlink":"https:\/\/wp.me\/Pa8bKW-1T","jetpack-related-posts":[],"amp_enabled":true,"_links":{"self":[{"href":"https:\/\/maisonboulvern.com\/index.php\/wp-json\/wp\/v2\/pages\/117","targetHints":{"allow":["GET"]}}],"collection":[{"href":"https:\/\/maisonboulvern.com\/index.php\/wp-json\/wp\/v2\/pages"}],"about":[{"href":"https:\/\/maisonboulvern.com\/index.php\/wp-json\/wp\/v2\/types\/page"}],"author":[{"embeddable":true,"href":"https:\/\/maisonboulvern.com\/index.php\/wp-json\/wp\/v2\/users\/1"}],"replies":[{"embeddable":true,"href":"https:\/\/maisonboulvern.com\/index.php\/wp-json\/wp\/v2\/comments?post=117"}],"version-history":[{"count":3,"href":"https:\/\/maisonboulvern.com\/index.php\/wp-json\/wp\/v2\/pages\/117\/revisions"}],"predecessor-version":[{"id":620,"href":"https:\/\/maisonboulvern.com\/index.php\/wp-json\/wp\/v2\/pages\/117\/revisions\/620"}],"up":[{"embeddable":true,"href":"https:\/\/maisonboulvern.com\/index.php\/wp-json\/wp\/v2\/pages\/351"}],"wp:featuredmedia":[{"embeddable":true,"href":"https:\/\/maisonboulvern.com\/index.php\/wp-json\/wp\/v2\/media\/474"}],"wp:attachment":[{"href":"https:\/\/maisonboulvern.com\/index.php\/wp-json\/wp\/v2\/media?parent=117"}],"curies":[{"name":"wp","href":"https:\/\/api.w.org\/{rel}","templated":true}]}}