{"id":351,"date":"2017-05-16T14:00:57","date_gmt":"2017-05-16T14:00:57","guid":{"rendered":"http:\/\/themes.getmotopress.com\/oceanica\/?page_id=44"},"modified":"2019-03-10T19:33:18","modified_gmt":"2019-03-10T18:33:18","slug":"activites","status":"publish","type":"page","link":"https:\/\/maisonboulvern.com\/index.php\/fr\/maison-dhotes\/activites\/","title":{"rendered":"Activit\u00e9s"},"content":{"rendered":"<p style=\"text-align: center;\">La richesse et la diversit\u00e9 des activit\u00e9s autour de la Maison Boulvern sauront vous surprendre et vous \u00e9merveiller \u00e0 chacun de vos s\u00e9jours. Le patrimoine naturel, culturel et culinaire du Finist\u00e8re est une exp\u00e9rience rafraichissante et enrichissante \u00e0 la fois.<\/p>\n","protected":false},"excerpt":{"rendered":"<p>Assez repos\u00e9? en route! \u00e0 la d\u00e9couverte du Finist\u00e8re.<\/p>\n","protected":false},"author":1,"featured_media":470,"parent":16,"menu_order":3,"comment_status":"open","ping_status":"closed","template":"template-full-width-grid-page.php","meta":{"jetpack_post_was_ever_published":false,"footnotes":""},"class_list":["post-351","page","type-page","status-publish","has-post-thumbnail","hentry"],"yoast_head":"<!-- This site is optimized with the Yoast SEO plugin v27.4 - https:\/\/yoast.com\/product\/yoast-seo-wordpress\/ -->\n<title>Activit\u00e9s - Maison Boulvern<\/title>\n<meta name=\"robots\" content=\"index, follow, max-snippet:-1, max-image-preview:large, max-video-preview:-1\" \/>\n<link rel=\"canonical\" href=\"https:\/\/maisonboulvern.com\/index.php\/fr\/maison-dhotes\/activites\/\" \/>\n<meta property=\"og:locale\" content=\"fr_FR\" \/>\n<meta property=\"og:type\" content=\"article\" \/>\n<meta property=\"og:title\" content=\"Activit\u00e9s - Maison Boulvern\" \/>\n<meta property=\"og:description\" content=\"Assez repos\u00e9? en route! \u00e0 la d\u00e9couverte du Finist\u00e8re.\" \/>\n<meta property=\"og:url\" content=\"https:\/\/maisonboulvern.com\/index.php\/fr\/maison-dhotes\/activites\/\" \/>\n<meta property=\"og:site_name\" content=\"Maison Boulvern\" \/>\n<meta property=\"article:modified_time\" content=\"2019-03-10T18:33:18+00:00\" \/>\n<meta property=\"og:image\" content=\"https:\/\/i0.wp.com\/maisonboulvern.com\/wp-content\/uploads\/2018\/07\/Activit\u00e9s_Pointeduraz_2000x1065.jpg?fit=2000%2C1065&ssl=1\" \/>\n\t<meta property=\"og:image:width\" content=\"2000\" \/>\n\t<meta property=\"og:image:height\" content=\"1065\" \/>\n\t<meta property=\"og:image:type\" content=\"image\/jpeg\" \/>\n<meta name=\"twitter:card\" content=\"summary_large_image\" \/>\n<script type=\"application\/ld+json\" class=\"yoast-schema-graph\">{\"@context\":\"https:\\\/\\\/schema.org\",\"@graph\":[{\"@type\":\"WebPage\",\"@id\":\"https:\\\/\\\/maisonboulvern.com\\\/index.php\\\/fr\\\/maison-dhotes\\\/activites\\\/\",\"url\":\"https:\\\/\\\/maisonboulvern.com\\\/index.php\\\/fr\\\/maison-dhotes\\\/activites\\\/\",\"name\":\"Activit\u00e9s - Maison Boulvern\",\"isPartOf\":{\"@id\":\"https:\\\/\\\/maisonboulvern.com\\\/#website\"},\"primaryImageOfPage\":{\"@id\":\"https:\\\/\\\/maisonboulvern.com\\\/index.php\\\/fr\\\/maison-dhotes\\\/activites\\\/#primaryimage\"},\"image\":{\"@id\":\"https:\\\/\\\/maisonboulvern.com\\\/index.php\\\/fr\\\/maison-dhotes\\\/activites\\\/#primaryimage\"},\"thumbnailUrl\":\"https:\\\/\\\/i0.wp.com\\\/maisonboulvern.com\\\/wp-content\\\/uploads\\\/2018\\\/07\\\/Activit%C3%A9s_Pointeduraz_2000x1065.jpg?fit=2000%2C1065&ssl=1\",\"datePublished\":\"2017-05-16T14:00:57+00:00\",\"dateModified\":\"2019-03-10T18:33:18+00:00\",\"breadcrumb\":{\"@id\":\"https:\\\/\\\/maisonboulvern.com\\\/index.php\\\/fr\\\/maison-dhotes\\\/activites\\\/#breadcrumb\"},\"inLanguage\":\"fr-FR\",\"potentialAction\":[{\"@type\":\"ReadAction\",\"target\":[\"https:\\\/\\\/maisonboulvern.com\\\/index.php\\\/fr\\\/maison-dhotes\\\/activites\\\/\"]}]},{\"@type\":\"ImageObject\",\"inLanguage\":\"fr-FR\",\"@id\":\"https:\\\/\\\/maisonboulvern.com\\\/index.php\\\/fr\\\/maison-dhotes\\\/activites\\\/#primaryimage\",\"url\":\"https:\\\/\\\/i0.wp.com\\\/maisonboulvern.com\\\/wp-content\\\/uploads\\\/2018\\\/07\\\/Activit%C3%A9s_Pointeduraz_2000x1065.jpg?fit=2000%2C1065&ssl=1\",\"contentUrl\":\"https:\\\/\\\/i0.wp.com\\\/maisonboulvern.com\\\/wp-content\\\/uploads\\\/2018\\\/07\\\/Activit%C3%A9s_Pointeduraz_2000x1065.jpg?fit=2000%2C1065&ssl=1\",\"width\":2000,\"height\":1065},{\"@type\":\"BreadcrumbList\",\"@id\":\"https:\\\/\\\/maisonboulvern.com\\\/index.php\\\/fr\\\/maison-dhotes\\\/activites\\\/#breadcrumb\",\"itemListElement\":[{\"@type\":\"ListItem\",\"position\":1,\"name\":\"Accueil\",\"item\":\"https:\\\/\\\/maisonboulvern.com\\\/index.php\\\/fr\\\/\"},{\"@type\":\"ListItem\",\"position\":2,\"name\":\"Bienvenue \u00e0 la Maison Boulvern\",\"item\":\"https:\\\/\\\/maisonboulvern.com\\\/index.php\\\/fr\\\/\"},{\"@type\":\"ListItem\",\"position\":3,\"name\":\"Activit\u00e9s\"}]},{\"@type\":\"WebSite\",\"@id\":\"https:\\\/\\\/maisonboulvern.com\\\/#website\",\"url\":\"https:\\\/\\\/maisonboulvern.com\\\/\",\"name\":\"Maison Boulvern\",\"description\":\"Chambres d&#039;h\u00f4tes de charme au c\u0153ur du Finist\u00e8re\",\"publisher\":{\"@id\":\"https:\\\/\\\/maisonboulvern.com\\\/#organization\"},\"potentialAction\":[{\"@type\":\"SearchAction\",\"target\":{\"@type\":\"EntryPoint\",\"urlTemplate\":\"https:\\\/\\\/maisonboulvern.com\\\/?s={search_term_string}\"},\"query-input\":{\"@type\":\"PropertyValueSpecification\",\"valueRequired\":true,\"valueName\":\"search_term_string\"}}],\"inLanguage\":\"fr-FR\"},{\"@type\":\"Organization\",\"@id\":\"https:\\\/\\\/maisonboulvern.com\\\/#organization\",\"name\":\"Maison Boulvern\",\"url\":\"https:\\\/\\\/maisonboulvern.com\\\/\",\"logo\":{\"@type\":\"ImageObject\",\"inLanguage\":\"fr-FR\",\"@id\":\"https:\\\/\\\/maisonboulvern.com\\\/#\\\/schema\\\/logo\\\/image\\\/\",\"url\":\"https:\\\/\\\/i0.wp.com\\\/maisonboulvern.com\\\/wp-content\\\/uploads\\\/2020\\\/06\\\/Icone_512x512.jpg?fit=2135%2C2135&ssl=1\",\"contentUrl\":\"https:\\\/\\\/i0.wp.com\\\/maisonboulvern.com\\\/wp-content\\\/uploads\\\/2020\\\/06\\\/Icone_512x512.jpg?fit=2135%2C2135&ssl=1\",\"width\":2135,\"height\":2135,\"caption\":\"Maison Boulvern\"},\"image\":{\"@id\":\"https:\\\/\\\/maisonboulvern.com\\\/#\\\/schema\\\/logo\\\/image\\\/\"}}]}<\/script>\n<!-- \/ Yoast SEO plugin. -->","yoast_head_json":{"title":"Activit\u00e9s - Maison Boulvern","robots":{"index":"index","follow":"follow","max-snippet":"max-snippet:-1","max-image-preview":"max-image-preview:large","max-video-preview":"max-video-preview:-1"},"canonical":"https:\/\/maisonboulvern.com\/index.php\/fr\/maison-dhotes\/activites\/","og_locale":"fr_FR","og_type":"article","og_title":"Activit\u00e9s - Maison Boulvern","og_description":"Assez repos\u00e9? en route! \u00e0 la d\u00e9couverte du Finist\u00e8re.","og_url":"https:\/\/maisonboulvern.com\/index.php\/fr\/maison-dhotes\/activites\/","og_site_name":"Maison Boulvern","article_modified_time":"2019-03-10T18:33:18+00:00","og_image":[{"width":2000,"height":1065,"url":"https:\/\/i0.wp.com\/maisonboulvern.com\/wp-content\/uploads\/2018\/07\/Activit\u00e9s_Pointeduraz_2000x1065.jpg?fit=2000%2C1065&ssl=1","type":"image\/jpeg"}],"twitter_card":"summary_large_image","schema":{"@context":"https:\/\/schema.org","@graph":[{"@type":"WebPage","@id":"https:\/\/maisonboulvern.com\/index.php\/fr\/maison-dhotes\/activites\/","url":"https:\/\/maisonboulvern.com\/index.php\/fr\/maison-dhotes\/activites\/","name":"Activit\u00e9s - Maison Boulvern","isPartOf":{"@id":"https:\/\/maisonboulvern.com\/#website"},"primaryImageOfPage":{"@id":"https:\/\/maisonboulvern.com\/index.php\/fr\/maison-dhotes\/activites\/#primaryimage"},"image":{"@id":"https:\/\/maisonboulvern.com\/index.php\/fr\/maison-dhotes\/activites\/#primaryimage"},"thumbnailUrl":"https:\/\/i0.wp.com\/maisonboulvern.com\/wp-content\/uploads\/2018\/07\/Activit%C3%A9s_Pointeduraz_2000x1065.jpg?fit=2000%2C1065&ssl=1","datePublished":"2017-05-16T14:00:57+00:00","dateModified":"2019-03-10T18:33:18+00:00","breadcrumb":{"@id":"https:\/\/maisonboulvern.com\/index.php\/fr\/maison-dhotes\/activites\/#breadcrumb"},"inLanguage":"fr-FR","potentialAction":[{"@type":"ReadAction","target":["https:\/\/maisonboulvern.com\/index.php\/fr\/maison-dhotes\/activites\/"]}]},{"@type":"ImageObject","inLanguage":"fr-FR","@id":"https:\/\/maisonboulvern.com\/index.php\/fr\/maison-dhotes\/activites\/#primaryimage","url":"https:\/\/i0.wp.com\/maisonboulvern.com\/wp-content\/uploads\/2018\/07\/Activit%C3%A9s_Pointeduraz_2000x1065.jpg?fit=2000%2C1065&ssl=1","contentUrl":"https:\/\/i0.wp.com\/maisonboulvern.com\/wp-content\/uploads\/2018\/07\/Activit%C3%A9s_Pointeduraz_2000x1065.jpg?fit=2000%2C1065&ssl=1","width":2000,"height":1065},{"@type":"BreadcrumbList","@id":"https:\/\/maisonboulvern.com\/index.php\/fr\/maison-dhotes\/activites\/#breadcrumb","itemListElement":[{"@type":"ListItem","position":1,"name":"Accueil","item":"https:\/\/maisonboulvern.com\/index.php\/fr\/"},{"@type":"ListItem","position":2,"name":"Bienvenue \u00e0 la Maison Boulvern","item":"https:\/\/maisonboulvern.com\/index.php\/fr\/"},{"@type":"ListItem","position":3,"name":"Activit\u00e9s"}]},{"@type":"WebSite","@id":"https:\/\/maisonboulvern.com\/#website","url":"https:\/\/maisonboulvern.com\/","name":"Maison Boulvern","description":"Chambres d&#039;h\u00f4tes de charme au c\u0153ur du Finist\u00e8re","publisher":{"@id":"https:\/\/maisonboulvern.com\/#organization"},"potentialAction":[{"@type":"SearchAction","target":{"@type":"EntryPoint","urlTemplate":"https:\/\/maisonboulvern.com\/?s={search_term_string}"},"query-input":{"@type":"PropertyValueSpecification","valueRequired":true,"valueName":"search_term_string"}}],"inLanguage":"fr-FR"},{"@type":"Organization","@id":"https:\/\/maisonboulvern.com\/#organization","name":"Maison Boulvern","url":"https:\/\/maisonboulvern.com\/","logo":{"@type":"ImageObject","inLanguage":"fr-FR","@id":"https:\/\/maisonboulvern.com\/#\/schema\/logo\/image\/","url":"https:\/\/i0.wp.com\/maisonboulvern.com\/wp-content\/uploads\/2020\/06\/Icone_512x512.jpg?fit=2135%2C2135&ssl=1","contentUrl":"https:\/\/i0.wp.com\/maisonboulvern.com\/wp-content\/uploads\/2020\/06\/Icone_512x512.jpg?fit=2135%2C2135&ssl=1","width":2135,"height":2135,"caption":"Maison Boulvern"},"image":{"@id":"https:\/\/maisonboulvern.com\/#\/schema\/logo\/image\/"}}]}},"jetpack_sharing_enabled":true,"jetpack_shortlink":"https:\/\/wp.me\/Pa8bKW-5F","jetpack-related-posts":[],"amp_enabled":false,"_links":{"self":[{"href":"https:\/\/maisonboulvern.com\/index.php\/wp-json\/wp\/v2\/pages\/351","targetHints":{"allow":["GET"]}}],"collection":[{"href":"https:\/\/maisonboulvern.com\/index.php\/wp-json\/wp\/v2\/pages"}],"about":[{"href":"https:\/\/maisonboulvern.com\/index.php\/wp-json\/wp\/v2\/types\/page"}],"author":[{"embeddable":true,"href":"https:\/\/maisonboulvern.com\/index.php\/wp-json\/wp\/v2\/users\/1"}],"replies":[{"embeddable":true,"href":"https:\/\/maisonboulvern.com\/index.php\/wp-json\/wp\/v2\/comments?post=351"}],"version-history":[{"count":4,"href":"https:\/\/maisonboulvern.com\/index.php\/wp-json\/wp\/v2\/pages\/351\/revisions"}],"predecessor-version":[{"id":574,"href":"https:\/\/maisonboulvern.com\/index.php\/wp-json\/wp\/v2\/pages\/351\/revisions\/574"}],"up":[{"embeddable":true,"href":"https:\/\/maisonboulvern.com\/index.php\/wp-json\/wp\/v2\/pages\/16"}],"wp:featuredmedia":[{"embeddable":true,"href":"https:\/\/maisonboulvern.com\/index.php\/wp-json\/wp\/v2\/media\/470"}],"wp:attachment":[{"href":"https:\/\/maisonboulvern.com\/index.php\/wp-json\/wp\/v2\/media?parent=351"}],"curies":[{"name":"wp","href":"https:\/\/api.w.org\/{rel}","templated":true}]}}