{"id":366,"date":"2019-05-10T10:11:44","date_gmt":"2019-05-10T08:11:44","guid":{"rendered":"http:\/\/themes.getmotopress.com\/oceanica\/?page_id=366"},"modified":"2019-03-10T19:41:09","modified_gmt":"2019-03-10T18:41:09","slug":"reservation-en-ligne","status":"publish","type":"page","link":"https:\/\/maisonboulvern.com\/index.php\/fr\/reservation-en-ligne\/","title":{"rendered":"R\u00e9servation en ligne"},"content":{"rendered":"<p>Indiquez vos dates d&rsquo;arriv\u00e9e et de d\u00e9part et le nombres de personnes &#8211; vous trouverez notre meilleur offre et vous pourrez r\u00e9server imm\u00e9diatement.<\/p>\n<div class=\"mphb_sc_search-wrapper \">\n<form method=\"GET\" class=\"mphb_sc_search-form\" action=\"https:\/\/maisonboulvern.com\/index.php\/fr\/resultats-recherche\/\" data-first_available_check_in_date=\"2026-04-20\">\n\n\t<p class = \"mphb-required-fields-tip\">\n\t<small>\n\t\tLes champs obligatoires sont suivis de\t\t<abbr title=\"required\">*<\/abbr>\n\t<\/small>\n<\/p>\n\n\t<p class=\"mphb_sc_search-check-in-date\">\n\t\t<label for=\"mphb_check_in_date-mphb-search-form-69e5c11a3d70d\">\n\t\t\tArriv\u00e9e\t\t\t<abbr title=\"Format\u00e9 comme dd\/mm\/yyyy\">*<\/abbr>\n\t\t<\/label>\n\t\t<br \/>\n\t\t<input\n\t\t\tid=\"mphb_check_in_date-mphb-search-form-69e5c11a3d70d\"\n\t\t\tdata-datepick-group=\"mphb-search-form-69e5c11a3d70d\"\n\t\t\tvalue=\"\"\n\t\t\tplaceholder=\"Date d&#039;arriv\u00e9e\"\n\t\t\trequired=\"required\"\n\t\t\ttype=\"text\"\n\t\t\tinputmode=\"none\"\n\t\t\tname=\"mphb_check_in_date\"\n\t\t\tclass=\"mphb-datepick\"\n\t\t\tautocomplete=\"off\"\n\t\t\t\/>\n\t<\/p>\n\n\t<p class=\"mphb_sc_search-check-out-date\">\n\t\t<label for=\"mphb_check_out_date-mphb-search-form-69e5c11a3d70d\">\n\t\t\tD\u00e9part\t\t\t<abbr title=\"Format\u00e9 comme dd\/mm\/yyyy\">*<\/abbr>\n\t\t<\/label>\n\t\t<br \/>\n\t\t<input\n\t\t\tid=\"mphb_check_out_date-mphb-search-form-69e5c11a3d70d\"\n\t\t\tdata-datepick-group=\"mphb-search-form-69e5c11a3d70d\"\n\t\t\tvalue=\"\"\n\t\t\tplaceholder=\"Date de d\u00e9part\"\n\t\t\trequired=\"required\"\n\t\t\ttype=\"text\"\n\t\t\tinputmode=\"none\"\n\t\t\tname=\"mphb_check_out_date\"\n\t\t\tclass=\"mphb-datepick\"\n\t\t\tautocomplete=\"off\"\n\t\t\t\/>\n\t<\/p>\n\n\t\t\t<p class=\"mphb_sc_search-adults\">\n\t\t\t<label for=\"mphb_adults-mphb-search-form-69e5c11a3d70d\">\n\t\t\t\tAdultes\t\t\t<\/label>\n\t\t\t<br \/>\n\t\t\t<select id=\"mphb_adults-mphb-search-form-69e5c11a3d70d\" name=\"mphb_adults\" >\n\t\t\t\t\t\t\t\t\t<option value=\"1\"  selected='selected'>1<\/option>\n\t\t\t\t\t\t\t\t\t<option value=\"2\" >2<\/option>\n\t\t\t\t\t\t\t\t\t<option value=\"3\" >3<\/option>\n\t\t\t\t\t\t\t\t\t<option value=\"4\" >4<\/option>\n\t\t\t\t\t\t\t\t\t<option value=\"5\" >5<\/option>\n\t\t\t\t\t\t\t\t\t<option value=\"6\" >6<\/option>\n\t\t\t\t\t\t\t<\/select>\n\t\t<\/p>\n\t\n\t\t\t<p class=\"mphb_sc_search-children\">\n\t\t\t<label for=\"mphb_children-mphb-search-form-69e5c11a3d70d\">\n\t\t\t\tEnfants &lt; 8 ans \t\t\t<\/label>\n\t\t\t<br \/>\n\t\t\t<select id=\"mphb_children-mphb-search-form-69e5c11a3d70d\" name=\"mphb_children\">\n\t\t\t\t\t\t\t\t\t<option value=\"0\"  selected='selected'>0<\/option>\n\t\t\t\t\t\t\t\t\t<option value=\"1\" >1<\/option>\n\t\t\t\t\t\t\t<\/select>\n\t\t<\/p>\n\t\n\t\n\t\n\t<input id=\"mphb_check_in_date-mphb-search-form-69e5c11a3d70d-hidden\" value=\"\" type=\"hidden\" name=\"mphb_check_in_date\" \/><input id=\"mphb_check_out_date-mphb-search-form-69e5c11a3d70d-hidden\" value=\"\" type=\"hidden\" name=\"mphb_check_out_date\" \/>\n\t<p class=\"mphb_sc_search-submit-button-wrapper\">\n\t\t<input type=\"submit\" class=\"button\" value=\"Chercher\"\/>\n\t<\/p>\n\n\t\n<\/form>\n<\/div>\n","protected":false},"excerpt":{"rendered":"<p>R\u00e9server une chambre \u00e0 la Maison Boulvern est simple et rapide<\/p>\n","protected":false},"author":1,"featured_media":0,"parent":0,"menu_order":0,"comment_status":"closed","ping_status":"closed","template":"template-full-width-page.php","meta":{"jetpack_post_was_ever_published":false,"footnotes":""},"class_list":["post-366","page","type-page","status-publish","hentry"],"yoast_head":"<!-- This site is optimized with the Yoast SEO plugin v27.4 - https:\/\/yoast.com\/product\/yoast-seo-wordpress\/ -->\n<title>R\u00e9servation en ligne - Maison Boulvern<\/title>\n<meta name=\"robots\" content=\"index, follow, max-snippet:-1, max-image-preview:large, max-video-preview:-1\" \/>\n<link rel=\"canonical\" href=\"https:\/\/maisonboulvern.com\/index.php\/fr\/reservation-en-ligne\/\" \/>\n<meta property=\"og:locale\" content=\"fr_FR\" \/>\n<meta property=\"og:type\" content=\"article\" \/>\n<meta property=\"og:title\" content=\"R\u00e9servation en ligne - Maison Boulvern\" \/>\n<meta property=\"og:description\" content=\"R\u00e9server une chambre \u00e0 la Maison Boulvern est simple et rapide\" \/>\n<meta property=\"og:url\" content=\"https:\/\/maisonboulvern.com\/index.php\/fr\/reservation-en-ligne\/\" \/>\n<meta property=\"og:site_name\" content=\"Maison Boulvern\" \/>\n<meta name=\"twitter:card\" content=\"summary_large_image\" \/>\n<script type=\"application\/ld+json\" class=\"yoast-schema-graph\">{\"@context\":\"https:\\\/\\\/schema.org\",\"@graph\":[{\"@type\":\"WebPage\",\"@id\":\"https:\\\/\\\/maisonboulvern.com\\\/index.php\\\/fr\\\/reservation-en-ligne\\\/\",\"url\":\"https:\\\/\\\/maisonboulvern.com\\\/index.php\\\/fr\\\/reservation-en-ligne\\\/\",\"name\":\"R\u00e9servation en ligne - Maison Boulvern\",\"isPartOf\":{\"@id\":\"https:\\\/\\\/maisonboulvern.com\\\/#website\"},\"datePublished\":\"2019-05-10T08:11:44+00:00\",\"breadcrumb\":{\"@id\":\"https:\\\/\\\/maisonboulvern.com\\\/index.php\\\/fr\\\/reservation-en-ligne\\\/#breadcrumb\"},\"inLanguage\":\"fr-FR\",\"potentialAction\":[{\"@type\":\"ReadAction\",\"target\":[\"https:\\\/\\\/maisonboulvern.com\\\/index.php\\\/fr\\\/reservation-en-ligne\\\/\"]}]},{\"@type\":\"BreadcrumbList\",\"@id\":\"https:\\\/\\\/maisonboulvern.com\\\/index.php\\\/fr\\\/reservation-en-ligne\\\/#breadcrumb\",\"itemListElement\":[{\"@type\":\"ListItem\",\"position\":1,\"name\":\"Accueil\",\"item\":\"https:\\\/\\\/maisonboulvern.com\\\/index.php\\\/fr\\\/\"},{\"@type\":\"ListItem\",\"position\":2,\"name\":\"R\u00e9servation en ligne\"}]},{\"@type\":\"WebSite\",\"@id\":\"https:\\\/\\\/maisonboulvern.com\\\/#website\",\"url\":\"https:\\\/\\\/maisonboulvern.com\\\/\",\"name\":\"Maison Boulvern\",\"description\":\"Chambres d&#039;h\u00f4tes de charme au c\u0153ur du Finist\u00e8re\",\"publisher\":{\"@id\":\"https:\\\/\\\/maisonboulvern.com\\\/#organization\"},\"potentialAction\":[{\"@type\":\"SearchAction\",\"target\":{\"@type\":\"EntryPoint\",\"urlTemplate\":\"https:\\\/\\\/maisonboulvern.com\\\/?s={search_term_string}\"},\"query-input\":{\"@type\":\"PropertyValueSpecification\",\"valueRequired\":true,\"valueName\":\"search_term_string\"}}],\"inLanguage\":\"fr-FR\"},{\"@type\":\"Organization\",\"@id\":\"https:\\\/\\\/maisonboulvern.com\\\/#organization\",\"name\":\"Maison Boulvern\",\"url\":\"https:\\\/\\\/maisonboulvern.com\\\/\",\"logo\":{\"@type\":\"ImageObject\",\"inLanguage\":\"fr-FR\",\"@id\":\"https:\\\/\\\/maisonboulvern.com\\\/#\\\/schema\\\/logo\\\/image\\\/\",\"url\":\"https:\\\/\\\/i0.wp.com\\\/maisonboulvern.com\\\/wp-content\\\/uploads\\\/2020\\\/06\\\/Icone_512x512.jpg?fit=2135%2C2135&ssl=1\",\"contentUrl\":\"https:\\\/\\\/i0.wp.com\\\/maisonboulvern.com\\\/wp-content\\\/uploads\\\/2020\\\/06\\\/Icone_512x512.jpg?fit=2135%2C2135&ssl=1\",\"width\":2135,\"height\":2135,\"caption\":\"Maison Boulvern\"},\"image\":{\"@id\":\"https:\\\/\\\/maisonboulvern.com\\\/#\\\/schema\\\/logo\\\/image\\\/\"}}]}<\/script>\n<!-- \/ Yoast SEO plugin. -->","yoast_head_json":{"title":"R\u00e9servation en ligne - Maison Boulvern","robots":{"index":"index","follow":"follow","max-snippet":"max-snippet:-1","max-image-preview":"max-image-preview:large","max-video-preview":"max-video-preview:-1"},"canonical":"https:\/\/maisonboulvern.com\/index.php\/fr\/reservation-en-ligne\/","og_locale":"fr_FR","og_type":"article","og_title":"R\u00e9servation en ligne - Maison Boulvern","og_description":"R\u00e9server une chambre \u00e0 la Maison Boulvern est simple et rapide","og_url":"https:\/\/maisonboulvern.com\/index.php\/fr\/reservation-en-ligne\/","og_site_name":"Maison Boulvern","twitter_card":"summary_large_image","schema":{"@context":"https:\/\/schema.org","@graph":[{"@type":"WebPage","@id":"https:\/\/maisonboulvern.com\/index.php\/fr\/reservation-en-ligne\/","url":"https:\/\/maisonboulvern.com\/index.php\/fr\/reservation-en-ligne\/","name":"R\u00e9servation en ligne - Maison Boulvern","isPartOf":{"@id":"https:\/\/maisonboulvern.com\/#website"},"datePublished":"2019-05-10T08:11:44+00:00","breadcrumb":{"@id":"https:\/\/maisonboulvern.com\/index.php\/fr\/reservation-en-ligne\/#breadcrumb"},"inLanguage":"fr-FR","potentialAction":[{"@type":"ReadAction","target":["https:\/\/maisonboulvern.com\/index.php\/fr\/reservation-en-ligne\/"]}]},{"@type":"BreadcrumbList","@id":"https:\/\/maisonboulvern.com\/index.php\/fr\/reservation-en-ligne\/#breadcrumb","itemListElement":[{"@type":"ListItem","position":1,"name":"Accueil","item":"https:\/\/maisonboulvern.com\/index.php\/fr\/"},{"@type":"ListItem","position":2,"name":"R\u00e9servation en ligne"}]},{"@type":"WebSite","@id":"https:\/\/maisonboulvern.com\/#website","url":"https:\/\/maisonboulvern.com\/","name":"Maison Boulvern","description":"Chambres d&#039;h\u00f4tes de charme au c\u0153ur du Finist\u00e8re","publisher":{"@id":"https:\/\/maisonboulvern.com\/#organization"},"potentialAction":[{"@type":"SearchAction","target":{"@type":"EntryPoint","urlTemplate":"https:\/\/maisonboulvern.com\/?s={search_term_string}"},"query-input":{"@type":"PropertyValueSpecification","valueRequired":true,"valueName":"search_term_string"}}],"inLanguage":"fr-FR"},{"@type":"Organization","@id":"https:\/\/maisonboulvern.com\/#organization","name":"Maison Boulvern","url":"https:\/\/maisonboulvern.com\/","logo":{"@type":"ImageObject","inLanguage":"fr-FR","@id":"https:\/\/maisonboulvern.com\/#\/schema\/logo\/image\/","url":"https:\/\/i0.wp.com\/maisonboulvern.com\/wp-content\/uploads\/2020\/06\/Icone_512x512.jpg?fit=2135%2C2135&ssl=1","contentUrl":"https:\/\/i0.wp.com\/maisonboulvern.com\/wp-content\/uploads\/2020\/06\/Icone_512x512.jpg?fit=2135%2C2135&ssl=1","width":2135,"height":2135,"caption":"Maison Boulvern"},"image":{"@id":"https:\/\/maisonboulvern.com\/#\/schema\/logo\/image\/"}}]}},"jetpack_sharing_enabled":true,"jetpack_shortlink":"https:\/\/wp.me\/Pa8bKW-5U","jetpack-related-posts":[],"amp_enabled":false,"_links":{"self":[{"href":"https:\/\/maisonboulvern.com\/index.php\/wp-json\/wp\/v2\/pages\/366","targetHints":{"allow":["GET"]}}],"collection":[{"href":"https:\/\/maisonboulvern.com\/index.php\/wp-json\/wp\/v2\/pages"}],"about":[{"href":"https:\/\/maisonboulvern.com\/index.php\/wp-json\/wp\/v2\/types\/page"}],"author":[{"embeddable":true,"href":"https:\/\/maisonboulvern.com\/index.php\/wp-json\/wp\/v2\/users\/1"}],"replies":[{"embeddable":true,"href":"https:\/\/maisonboulvern.com\/index.php\/wp-json\/wp\/v2\/comments?post=366"}],"version-history":[{"count":2,"href":"https:\/\/maisonboulvern.com\/index.php\/wp-json\/wp\/v2\/pages\/366\/revisions"}],"predecessor-version":[{"id":621,"href":"https:\/\/maisonboulvern.com\/index.php\/wp-json\/wp\/v2\/pages\/366\/revisions\/621"}],"wp:attachment":[{"href":"https:\/\/maisonboulvern.com\/index.php\/wp-json\/wp\/v2\/media?parent=366"}],"curies":[{"name":"wp","href":"https:\/\/api.w.org\/{rel}","templated":true}]}}