{"id":65,"date":"2017-05-16T14:42:56","date_gmt":"2017-05-16T14:42:56","guid":{"rendered":"http:\/\/themes.getmotopress.com\/oceanica\/?page_id=65"},"modified":"2026-01-19T12:26:04","modified_gmt":"2026-01-19T11:26:04","slug":"boire-manger","status":"publish","type":"page","link":"https:\/\/maisonboulvern.com\/index.php\/fr\/maison-dhotes\/activites\/boire-manger\/","title":{"rendered":"\u00c0 boire et \u00e0 manger"},"content":{"rendered":"<p>\u00c9videmment que nous vous donnerons la bonne adresse d&rsquo;une cr\u00eaperie (hors du quartier de la gare Montparnasse), mais vous serez surement surpris par les escales culinaires que vous pourrez effectuer \u00e0 proximit\u00e9 de la Maison Boulvern. Nous y ajoutons quelques lieux pour se d\u00e9salt\u00e9rer au cours de vos excursions.<br \/>\n<!--more Take a Tour--><\/p>\n<p>Les Cr\u00eaperies :<\/p>\n<ul>\n<li>Ty Coz, Locronan | 10 mins<\/li>\n<\/ul>\n<p>Une institution bretonne ouverte depuis 1952 au c\u0153ur de la cit\u00e9 m\u00e9di\u00e9vale de Locronan. Sur la grand place, face \u00e0 l&rsquo;\u00e9glise, cette cr\u00eaperie familiale propose des galettes aux go\u00fbts traditionnels et parfums originaux. Ne prenant pas de r\u00e9servation, pensez \u00e0 y aller t\u00f4t ou \u00e0 vous armer de patience.\u00a0<a href=\"https:\/\/www.creperietycoz.fr\">https:\/\/www.creperietycoz.fr<\/a><\/p>\n<ul>\n<li>Les 3 f\u00e9es, Locronan | 10 mins<\/li>\n<\/ul>\n<p>Jolie cr\u00eaperie traditionnelle agenc\u00e9e par les f\u00e9es. D\u00e9licieuses cr\u00eapes aux recettes originales faites maison dans un cadre pittoresque. Farines de sarrasin (bl\u00e9 noir) et froment certifi\u00e9es Bio.\u00a0<a href=\"https:\/\/www.facebook.com\/creperieles3fees\" target=\"_blank\" rel=\"noopener\">vers la page Facebook des 3 f\u00e9es<\/a><\/p>\n<p>Les Restaurants:<\/p>\n<ul>\n<li>L&rsquo;auberge des Glazicks **, Plomodiern | 10 mins<\/li>\n<\/ul>\n<p>Pour les fins palets en qu\u00eate d&rsquo;une cuisine de haut niveau \u00e0 prix raisonnable. Olivier Bellin obtient sa 2\u00e8me \u00e9toile au Guide Michelin en 2010 et continue de briller aux fourneaux. \u00c0 ne manquer sous aucun pr\u00e9texte pour les amateurs de grandes tables.\u00a0<a href=\"http:\/\/aubergedesglazick.com\/\" target=\"_blank\" rel=\"noopener noreferrer\">R\u00e9server une table<\/a><\/p>\n<ul>\n<li>Restaurant Le C\u00e9note, Plomodiern | 10 mins<\/li>\n<\/ul>\n<p>Une petite perle (au sens propre du terme) accompagn\u00e9e d&rsquo;une petite mais belle carte.<\/p>\n<ul>\n<li>Restaurant L&rsquo;Oasis, Plomodiern | 15 mins<\/li>\n<\/ul>\n<p>Sur la plage de Pors Ar Vag proche de Plomodiern, retrouvez vous les pieds dans l\u2019eau \u00e0 L\u2019Oasis. Profitez d\u2019un verre dans les salons du jardin, ou d\u2019un repas en terrasse entre amis ou en famille. <a href=\"https:\/\/loasisrestaurant.wordpress.com\" target=\"_blank\" rel=\"noopener\">vers le site du restaurant L&rsquo;oasis<\/a><\/p>\n<ul>\n<li>Restaurant Au coin du feu, Locronan | 10 mins<\/li>\n<\/ul>\n<p>Un restaurant au service tr\u00e8s chaleureux et \u00e0 la carte simple et authentique. Pour une cuisine belle et savoureuse.. <a href=\"https:\/\/www.locronan-tourisme.bzh\/restaurants\/restaurant-au-coin-du-feu\/\" target=\"_blank\" rel=\"noopener\">vers la page d&rsquo;office du tourisme<\/a><\/p>\n<ul>\n<li>Restaurant Le Prieur\u00e9, Locronan | 10 mins<\/li>\n<\/ul>\n<p>Dans la rue principale du village m\u00e9di\u00e9val de Locronan, le restaurant Le Prieur\u00e9 est une halte savoureuse pour les amoureux de produits locaux dans une atmosph\u00e8re contemporaine et d\u00e9contract\u00e9e. <a href=\"https:\/\/www.hotel-le-prieure.com\/234-le-restaurant.html\" target=\"_blank\" rel=\"noopener\">vers le site du restaurant Le Prieur\u00e9<\/a><\/p>\n<ul>\n<li>Restaurant Ar Maen Hir, Locronan | 10 mins<\/li>\n<\/ul>\n<p>Situ\u00e9 dans le jolie village de Locronan, Ar Maen Hir est un petit perle entrer terre te mer. La cuisine y est raffin\u00e9e sans \u00eatre pr\u00e9tentieuse. R\u00e9servez une table dans la salle du bas pour b\u00e9n\u00e9ficier de l&rsquo;ambiance marine.\u00a0<a href=\"https:\/\/www.facebook.com\/ArMaenHir\/\" target=\"_blank\" rel=\"noopener\">vers la page Facebook d&rsquo;Ar Maen Hir<\/a><\/p>\n<ul>\n<li>Restaurant Au Petit Bonheur, Chateaulin | 15 mins<\/li>\n<\/ul>\n<p>Situe au Chateaulin, Au Petit Bonheur est un petit restaurant familiair. La cuisine Francaise avec les produits frais. Leur site pour le menu et reservation: <a href=\"https:\/\/restaurantaupetitbonheur.fr\/\">https:\/\/restaurantaupetitbonheur.fr\/\u00a0<\/a><\/p>\n","protected":false},"excerpt":{"rendered":"<p>Cr\u00eaperies, brasseries, gastronomique, tous les restaurants autour de notre maison.<\/p>\n","protected":false},"author":1,"featured_media":558,"parent":351,"menu_order":0,"comment_status":"closed","ping_status":"closed","template":"","meta":{"jetpack_post_was_ever_published":false,"footnotes":""},"class_list":["post-65","page","type-page","status-publish","has-post-thumbnail","hentry"],"yoast_head":"<!-- This site is optimized with the Yoast SEO plugin v27.4 - https:\/\/yoast.com\/product\/yoast-seo-wordpress\/ -->\n<title>\u00c0 boire et \u00e0 manger - Maison Boulvern<\/title>\n<meta name=\"robots\" content=\"index, follow, max-snippet:-1, max-image-preview:large, max-video-preview:-1\" \/>\n<link rel=\"canonical\" href=\"https:\/\/maisonboulvern.com\/index.php\/fr\/maison-dhotes\/activites\/boire-manger\/\" \/>\n<meta property=\"og:locale\" content=\"fr_FR\" \/>\n<meta property=\"og:type\" content=\"article\" \/>\n<meta property=\"og:title\" content=\"\u00c0 boire et \u00e0 manger - Maison Boulvern\" \/>\n<meta property=\"og:description\" content=\"Cr\u00eaperies, brasseries, gastronomique, tous les restaurants autour de notre maison.\" \/>\n<meta property=\"og:url\" content=\"https:\/\/maisonboulvern.com\/index.php\/fr\/maison-dhotes\/activites\/boire-manger\/\" \/>\n<meta property=\"og:site_name\" content=\"Maison Boulvern\" \/>\n<meta property=\"article:modified_time\" content=\"2026-01-19T11:26:04+00:00\" \/>\n<meta property=\"og:image\" content=\"https:\/\/maisonboulvern.com\/wp-content\/uploads\/2018\/08\/Culinaire_2000x1065.jpg\" \/>\n\t<meta property=\"og:image:width\" content=\"2000\" \/>\n\t<meta property=\"og:image:height\" content=\"1065\" \/>\n\t<meta property=\"og:image:type\" content=\"image\/jpeg\" \/>\n<meta name=\"twitter:card\" content=\"summary_large_image\" \/>\n<meta name=\"twitter:label1\" content=\"Dur\u00e9e de lecture estim\u00e9e\" \/>\n\t<meta name=\"twitter:data1\" content=\"3 minutes\" \/>\n<script type=\"application\/ld+json\" class=\"yoast-schema-graph\">{\"@context\":\"https:\\\/\\\/schema.org\",\"@graph\":[{\"@type\":\"WebPage\",\"@id\":\"https:\\\/\\\/maisonboulvern.com\\\/index.php\\\/fr\\\/maison-dhotes\\\/activites\\\/boire-manger\\\/\",\"url\":\"https:\\\/\\\/maisonboulvern.com\\\/index.php\\\/fr\\\/maison-dhotes\\\/activites\\\/boire-manger\\\/\",\"name\":\"\u00c0 boire et \u00e0 manger - Maison Boulvern\",\"isPartOf\":{\"@id\":\"https:\\\/\\\/maisonboulvern.com\\\/#website\"},\"primaryImageOfPage\":{\"@id\":\"https:\\\/\\\/maisonboulvern.com\\\/index.php\\\/fr\\\/maison-dhotes\\\/activites\\\/boire-manger\\\/#primaryimage\"},\"image\":{\"@id\":\"https:\\\/\\\/maisonboulvern.com\\\/index.php\\\/fr\\\/maison-dhotes\\\/activites\\\/boire-manger\\\/#primaryimage\"},\"thumbnailUrl\":\"https:\\\/\\\/i0.wp.com\\\/maisonboulvern.com\\\/wp-content\\\/uploads\\\/2018\\\/08\\\/Culinaire_2000x1065.jpg?fit=2000%2C1065&ssl=1\",\"datePublished\":\"2017-05-16T14:42:56+00:00\",\"dateModified\":\"2026-01-19T11:26:04+00:00\",\"breadcrumb\":{\"@id\":\"https:\\\/\\\/maisonboulvern.com\\\/index.php\\\/fr\\\/maison-dhotes\\\/activites\\\/boire-manger\\\/#breadcrumb\"},\"inLanguage\":\"fr-FR\",\"potentialAction\":[{\"@type\":\"ReadAction\",\"target\":[\"https:\\\/\\\/maisonboulvern.com\\\/index.php\\\/fr\\\/maison-dhotes\\\/activites\\\/boire-manger\\\/\"]}]},{\"@type\":\"ImageObject\",\"inLanguage\":\"fr-FR\",\"@id\":\"https:\\\/\\\/maisonboulvern.com\\\/index.php\\\/fr\\\/maison-dhotes\\\/activites\\\/boire-manger\\\/#primaryimage\",\"url\":\"https:\\\/\\\/i0.wp.com\\\/maisonboulvern.com\\\/wp-content\\\/uploads\\\/2018\\\/08\\\/Culinaire_2000x1065.jpg?fit=2000%2C1065&ssl=1\",\"contentUrl\":\"https:\\\/\\\/i0.wp.com\\\/maisonboulvern.com\\\/wp-content\\\/uploads\\\/2018\\\/08\\\/Culinaire_2000x1065.jpg?fit=2000%2C1065&ssl=1\",\"width\":2000,\"height\":1065},{\"@type\":\"BreadcrumbList\",\"@id\":\"https:\\\/\\\/maisonboulvern.com\\\/index.php\\\/fr\\\/maison-dhotes\\\/activites\\\/boire-manger\\\/#breadcrumb\",\"itemListElement\":[{\"@type\":\"ListItem\",\"position\":1,\"name\":\"Accueil\",\"item\":\"https:\\\/\\\/maisonboulvern.com\\\/index.php\\\/fr\\\/\"},{\"@type\":\"ListItem\",\"position\":2,\"name\":\"Bienvenue \u00e0 la Maison Boulvern\",\"item\":\"https:\\\/\\\/maisonboulvern.com\\\/index.php\\\/fr\\\/\"},{\"@type\":\"ListItem\",\"position\":3,\"name\":\"Activit\u00e9s\",\"item\":\"https:\\\/\\\/maisonboulvern.com\\\/index.php\\\/fr\\\/maison-dhotes\\\/activites\\\/\"},{\"@type\":\"ListItem\",\"position\":4,\"name\":\"\u00c0 boire et \u00e0 manger\"}]},{\"@type\":\"WebSite\",\"@id\":\"https:\\\/\\\/maisonboulvern.com\\\/#website\",\"url\":\"https:\\\/\\\/maisonboulvern.com\\\/\",\"name\":\"Maison Boulvern\",\"description\":\"Chambres d&#039;h\u00f4tes de charme au c\u0153ur du Finist\u00e8re\",\"publisher\":{\"@id\":\"https:\\\/\\\/maisonboulvern.com\\\/#organization\"},\"potentialAction\":[{\"@type\":\"SearchAction\",\"target\":{\"@type\":\"EntryPoint\",\"urlTemplate\":\"https:\\\/\\\/maisonboulvern.com\\\/?s={search_term_string}\"},\"query-input\":{\"@type\":\"PropertyValueSpecification\",\"valueRequired\":true,\"valueName\":\"search_term_string\"}}],\"inLanguage\":\"fr-FR\"},{\"@type\":\"Organization\",\"@id\":\"https:\\\/\\\/maisonboulvern.com\\\/#organization\",\"name\":\"Maison Boulvern\",\"url\":\"https:\\\/\\\/maisonboulvern.com\\\/\",\"logo\":{\"@type\":\"ImageObject\",\"inLanguage\":\"fr-FR\",\"@id\":\"https:\\\/\\\/maisonboulvern.com\\\/#\\\/schema\\\/logo\\\/image\\\/\",\"url\":\"https:\\\/\\\/i0.wp.com\\\/maisonboulvern.com\\\/wp-content\\\/uploads\\\/2020\\\/06\\\/Icone_512x512.jpg?fit=2135%2C2135&ssl=1\",\"contentUrl\":\"https:\\\/\\\/i0.wp.com\\\/maisonboulvern.com\\\/wp-content\\\/uploads\\\/2020\\\/06\\\/Icone_512x512.jpg?fit=2135%2C2135&ssl=1\",\"width\":2135,\"height\":2135,\"caption\":\"Maison Boulvern\"},\"image\":{\"@id\":\"https:\\\/\\\/maisonboulvern.com\\\/#\\\/schema\\\/logo\\\/image\\\/\"}}]}<\/script>\n<!-- \/ Yoast SEO plugin. -->","yoast_head_json":{"title":"\u00c0 boire et \u00e0 manger - Maison Boulvern","robots":{"index":"index","follow":"follow","max-snippet":"max-snippet:-1","max-image-preview":"max-image-preview:large","max-video-preview":"max-video-preview:-1"},"canonical":"https:\/\/maisonboulvern.com\/index.php\/fr\/maison-dhotes\/activites\/boire-manger\/","og_locale":"fr_FR","og_type":"article","og_title":"\u00c0 boire et \u00e0 manger - Maison Boulvern","og_description":"Cr\u00eaperies, brasseries, gastronomique, tous les restaurants autour de notre maison.","og_url":"https:\/\/maisonboulvern.com\/index.php\/fr\/maison-dhotes\/activites\/boire-manger\/","og_site_name":"Maison Boulvern","article_modified_time":"2026-01-19T11:26:04+00:00","og_image":[{"width":2000,"height":1065,"url":"https:\/\/maisonboulvern.com\/wp-content\/uploads\/2018\/08\/Culinaire_2000x1065.jpg","type":"image\/jpeg"}],"twitter_card":"summary_large_image","twitter_misc":{"Dur\u00e9e de lecture estim\u00e9e":"3 minutes"},"schema":{"@context":"https:\/\/schema.org","@graph":[{"@type":"WebPage","@id":"https:\/\/maisonboulvern.com\/index.php\/fr\/maison-dhotes\/activites\/boire-manger\/","url":"https:\/\/maisonboulvern.com\/index.php\/fr\/maison-dhotes\/activites\/boire-manger\/","name":"\u00c0 boire et \u00e0 manger - Maison Boulvern","isPartOf":{"@id":"https:\/\/maisonboulvern.com\/#website"},"primaryImageOfPage":{"@id":"https:\/\/maisonboulvern.com\/index.php\/fr\/maison-dhotes\/activites\/boire-manger\/#primaryimage"},"image":{"@id":"https:\/\/maisonboulvern.com\/index.php\/fr\/maison-dhotes\/activites\/boire-manger\/#primaryimage"},"thumbnailUrl":"https:\/\/i0.wp.com\/maisonboulvern.com\/wp-content\/uploads\/2018\/08\/Culinaire_2000x1065.jpg?fit=2000%2C1065&ssl=1","datePublished":"2017-05-16T14:42:56+00:00","dateModified":"2026-01-19T11:26:04+00:00","breadcrumb":{"@id":"https:\/\/maisonboulvern.com\/index.php\/fr\/maison-dhotes\/activites\/boire-manger\/#breadcrumb"},"inLanguage":"fr-FR","potentialAction":[{"@type":"ReadAction","target":["https:\/\/maisonboulvern.com\/index.php\/fr\/maison-dhotes\/activites\/boire-manger\/"]}]},{"@type":"ImageObject","inLanguage":"fr-FR","@id":"https:\/\/maisonboulvern.com\/index.php\/fr\/maison-dhotes\/activites\/boire-manger\/#primaryimage","url":"https:\/\/i0.wp.com\/maisonboulvern.com\/wp-content\/uploads\/2018\/08\/Culinaire_2000x1065.jpg?fit=2000%2C1065&ssl=1","contentUrl":"https:\/\/i0.wp.com\/maisonboulvern.com\/wp-content\/uploads\/2018\/08\/Culinaire_2000x1065.jpg?fit=2000%2C1065&ssl=1","width":2000,"height":1065},{"@type":"BreadcrumbList","@id":"https:\/\/maisonboulvern.com\/index.php\/fr\/maison-dhotes\/activites\/boire-manger\/#breadcrumb","itemListElement":[{"@type":"ListItem","position":1,"name":"Accueil","item":"https:\/\/maisonboulvern.com\/index.php\/fr\/"},{"@type":"ListItem","position":2,"name":"Bienvenue \u00e0 la Maison Boulvern","item":"https:\/\/maisonboulvern.com\/index.php\/fr\/"},{"@type":"ListItem","position":3,"name":"Activit\u00e9s","item":"https:\/\/maisonboulvern.com\/index.php\/fr\/maison-dhotes\/activites\/"},{"@type":"ListItem","position":4,"name":"\u00c0 boire et \u00e0 manger"}]},{"@type":"WebSite","@id":"https:\/\/maisonboulvern.com\/#website","url":"https:\/\/maisonboulvern.com\/","name":"Maison Boulvern","description":"Chambres d&#039;h\u00f4tes de charme au c\u0153ur du Finist\u00e8re","publisher":{"@id":"https:\/\/maisonboulvern.com\/#organization"},"potentialAction":[{"@type":"SearchAction","target":{"@type":"EntryPoint","urlTemplate":"https:\/\/maisonboulvern.com\/?s={search_term_string}"},"query-input":{"@type":"PropertyValueSpecification","valueRequired":true,"valueName":"search_term_string"}}],"inLanguage":"fr-FR"},{"@type":"Organization","@id":"https:\/\/maisonboulvern.com\/#organization","name":"Maison Boulvern","url":"https:\/\/maisonboulvern.com\/","logo":{"@type":"ImageObject","inLanguage":"fr-FR","@id":"https:\/\/maisonboulvern.com\/#\/schema\/logo\/image\/","url":"https:\/\/i0.wp.com\/maisonboulvern.com\/wp-content\/uploads\/2020\/06\/Icone_512x512.jpg?fit=2135%2C2135&ssl=1","contentUrl":"https:\/\/i0.wp.com\/maisonboulvern.com\/wp-content\/uploads\/2020\/06\/Icone_512x512.jpg?fit=2135%2C2135&ssl=1","width":2135,"height":2135,"caption":"Maison Boulvern"},"image":{"@id":"https:\/\/maisonboulvern.com\/#\/schema\/logo\/image\/"}}]}},"jetpack_sharing_enabled":true,"jetpack_shortlink":"https:\/\/wp.me\/Pa8bKW-13","jetpack-related-posts":[],"amp_enabled":true,"_links":{"self":[{"href":"https:\/\/maisonboulvern.com\/index.php\/wp-json\/wp\/v2\/pages\/65","targetHints":{"allow":["GET"]}}],"collection":[{"href":"https:\/\/maisonboulvern.com\/index.php\/wp-json\/wp\/v2\/pages"}],"about":[{"href":"https:\/\/maisonboulvern.com\/index.php\/wp-json\/wp\/v2\/types\/page"}],"author":[{"embeddable":true,"href":"https:\/\/maisonboulvern.com\/index.php\/wp-json\/wp\/v2\/users\/1"}],"replies":[{"embeddable":true,"href":"https:\/\/maisonboulvern.com\/index.php\/wp-json\/wp\/v2\/comments?post=65"}],"version-history":[{"count":13,"href":"https:\/\/maisonboulvern.com\/index.php\/wp-json\/wp\/v2\/pages\/65\/revisions"}],"predecessor-version":[{"id":7171,"href":"https:\/\/maisonboulvern.com\/index.php\/wp-json\/wp\/v2\/pages\/65\/revisions\/7171"}],"up":[{"embeddable":true,"href":"https:\/\/maisonboulvern.com\/index.php\/wp-json\/wp\/v2\/pages\/351"}],"wp:featuredmedia":[{"embeddable":true,"href":"https:\/\/maisonboulvern.com\/index.php\/wp-json\/wp\/v2\/media\/558"}],"wp:attachment":[{"href":"https:\/\/maisonboulvern.com\/index.php\/wp-json\/wp\/v2\/media?parent=65"}],"curies":[{"name":"wp","href":"https:\/\/api.w.org\/{rel}","templated":true}]}}