{"id":921,"date":"2017-05-16T13:40:41","date_gmt":"2017-05-16T13:40:41","guid":{"rendered":"http:\/\/maisonboulvern.com\/?page_id=921"},"modified":"2020-02-11T12:03:24","modified_gmt":"2020-02-11T11:03:24","slug":"welcome-at-maison-boulvern","status":"publish","type":"page","link":"https:\/\/maisonboulvern.com\/index.php\/en\/","title":{"rendered":"Welcome at Maison Boulvern"},"content":{"rendered":"\n<p class=\"has-text-align-left\">Away from your daily life, finding yourself in a new place and yet feeling at home.<\/p>\n\n\n\n<p>This is Maison Boulvern, beautifully situated in the centre of the&nbsp;<em>Finist\u00e8re,<\/em>&nbsp;a Bed &amp; Breakfast in a rural setting surrounded by woods, between&nbsp;<em>Menez-Hom<\/em>&nbsp;and the impressive bays of&nbsp;<em>Douarnenez<\/em>. Here rule quiet and space.&nbsp;<\/p>\n\n\n\n<p>Whether you stay for a weekend or a week there are plenty trips and sight-seeings to make your holiday unforgettable.&nbsp;&nbsp;<\/p>\n","protected":false},"excerpt":{"rendered":"<p>Away from your daily life, finding yourself in a new place and yet feeling at home. This is Maison Boulvern, beautifully situated in the centre of the&nbsp;Finist\u00e8re,&nbsp;a Bed &amp; Breakfast in a rural setting surrounded by woods, between&nbsp;Menez-Hom&nbsp;and the impressive bays of&nbsp;Douarnenez. Here rule quiet and space.&nbsp; Whether you stay for a weekend or a &hellip; <a href=\"https:\/\/maisonboulvern.com\/index.php\/en\/\" class=\"more-link\">Continue reading<span class=\"screen-reader-text\"> \u00ab\u00a0Welcome at Maison Boulvern\u00a0\u00bb<\/span><\/a><\/p>\n","protected":false},"author":1,"featured_media":5761,"parent":0,"menu_order":0,"comment_status":"closed","ping_status":"closed","template":"template-front-page.php","meta":{"jetpack_post_was_ever_published":false,"footnotes":""},"class_list":["post-921","page","type-page","status-publish","has-post-thumbnail","hentry"],"yoast_head":"<!-- This site is optimized with the Yoast SEO plugin v27.4 - https:\/\/yoast.com\/product\/yoast-seo-wordpress\/ -->\n<title>Welcome at Maison Boulvern - Maison Boulvern<\/title>\n<meta name=\"robots\" content=\"index, follow, max-snippet:-1, max-image-preview:large, max-video-preview:-1\" \/>\n<link rel=\"canonical\" href=\"https:\/\/maisonboulvern.com\/index.php\/en\/\" \/>\n<meta property=\"og:locale\" content=\"fr_FR\" \/>\n<meta property=\"og:type\" content=\"article\" \/>\n<meta property=\"og:title\" content=\"Welcome at Maison Boulvern - Maison Boulvern\" \/>\n<meta property=\"og:description\" content=\"Away from your daily life, finding yourself in a new place and yet feeling at home. This is Maison Boulvern, beautifully situated in the centre of the&nbsp;Finist\u00e8re,&nbsp;a Bed &amp; Breakfast in a rural setting surrounded by woods, between&nbsp;Menez-Hom&nbsp;and the impressive bays of&nbsp;Douarnenez. Here rule quiet and space.&nbsp; Whether you stay for a weekend or a &hellip; Continue reading &quot;Welcome at Maison Boulvern&quot;\" \/>\n<meta property=\"og:url\" content=\"https:\/\/maisonboulvern.com\/index.php\/en\/\" \/>\n<meta property=\"og:site_name\" content=\"Maison Boulvern\" \/>\n<meta property=\"article:modified_time\" content=\"2020-02-11T11:03:24+00:00\" \/>\n<meta property=\"og:image\" content=\"https:\/\/i0.wp.com\/maisonboulvern.com\/wp-content\/uploads\/2021\/01\/Maison-Boulvern_porte-bleue_2000x1065.jpg?fit=2000%2C1065&ssl=1\" \/>\n\t<meta property=\"og:image:width\" content=\"2000\" \/>\n\t<meta property=\"og:image:height\" content=\"1065\" \/>\n\t<meta property=\"og:image:type\" content=\"image\/jpeg\" \/>\n<meta name=\"twitter:card\" content=\"summary_large_image\" \/>\n<script type=\"application\/ld+json\" class=\"yoast-schema-graph\">{\"@context\":\"https:\\\/\\\/schema.org\",\"@graph\":[{\"@type\":\"WebPage\",\"@id\":\"https:\\\/\\\/maisonboulvern.com\\\/index.php\\\/en\\\/\",\"url\":\"https:\\\/\\\/maisonboulvern.com\\\/index.php\\\/en\\\/\",\"name\":\"Welcome at Maison Boulvern - Maison Boulvern\",\"isPartOf\":{\"@id\":\"https:\\\/\\\/maisonboulvern.com\\\/#website\"},\"primaryImageOfPage\":{\"@id\":\"https:\\\/\\\/maisonboulvern.com\\\/index.php\\\/en\\\/#primaryimage\"},\"image\":{\"@id\":\"https:\\\/\\\/maisonboulvern.com\\\/index.php\\\/en\\\/#primaryimage\"},\"thumbnailUrl\":\"https:\\\/\\\/i0.wp.com\\\/maisonboulvern.com\\\/wp-content\\\/uploads\\\/2023\\\/01\\\/MaisonBoulvern_La-propriete.jpg?fit=2048%2C1536&ssl=1\",\"datePublished\":\"2017-05-16T13:40:41+00:00\",\"dateModified\":\"2020-02-11T11:03:24+00:00\",\"breadcrumb\":{\"@id\":\"https:\\\/\\\/maisonboulvern.com\\\/index.php\\\/en\\\/#breadcrumb\"},\"inLanguage\":\"fr-FR\",\"potentialAction\":[{\"@type\":\"ReadAction\",\"target\":[\"https:\\\/\\\/maisonboulvern.com\\\/index.php\\\/en\\\/\"]}]},{\"@type\":\"ImageObject\",\"inLanguage\":\"fr-FR\",\"@id\":\"https:\\\/\\\/maisonboulvern.com\\\/index.php\\\/en\\\/#primaryimage\",\"url\":\"https:\\\/\\\/i0.wp.com\\\/maisonboulvern.com\\\/wp-content\\\/uploads\\\/2023\\\/01\\\/MaisonBoulvern_La-propriete.jpg?fit=2048%2C1536&ssl=1\",\"contentUrl\":\"https:\\\/\\\/i0.wp.com\\\/maisonboulvern.com\\\/wp-content\\\/uploads\\\/2023\\\/01\\\/MaisonBoulvern_La-propriete.jpg?fit=2048%2C1536&ssl=1\",\"width\":2048,\"height\":1536,\"caption\":\"Maison d'h\u00f4tes en Finist\u00e8re\"},{\"@type\":\"BreadcrumbList\",\"@id\":\"https:\\\/\\\/maisonboulvern.com\\\/index.php\\\/en\\\/#breadcrumb\",\"itemListElement\":[{\"@type\":\"ListItem\",\"position\":1,\"name\":\"Accueil\",\"item\":\"https:\\\/\\\/maisonboulvern.com\\\/index.php\\\/fr\\\/\"},{\"@type\":\"ListItem\",\"position\":2,\"name\":\"Welcome at Maison Boulvern\"}]},{\"@type\":\"WebSite\",\"@id\":\"https:\\\/\\\/maisonboulvern.com\\\/#website\",\"url\":\"https:\\\/\\\/maisonboulvern.com\\\/\",\"name\":\"Maison Boulvern\",\"description\":\"Chambres d&#039;h\u00f4tes de charme au c\u0153ur du Finist\u00e8re\",\"publisher\":{\"@id\":\"https:\\\/\\\/maisonboulvern.com\\\/#organization\"},\"potentialAction\":[{\"@type\":\"SearchAction\",\"target\":{\"@type\":\"EntryPoint\",\"urlTemplate\":\"https:\\\/\\\/maisonboulvern.com\\\/?s={search_term_string}\"},\"query-input\":{\"@type\":\"PropertyValueSpecification\",\"valueRequired\":true,\"valueName\":\"search_term_string\"}}],\"inLanguage\":\"fr-FR\"},{\"@type\":\"Organization\",\"@id\":\"https:\\\/\\\/maisonboulvern.com\\\/#organization\",\"name\":\"Maison Boulvern\",\"url\":\"https:\\\/\\\/maisonboulvern.com\\\/\",\"logo\":{\"@type\":\"ImageObject\",\"inLanguage\":\"fr-FR\",\"@id\":\"https:\\\/\\\/maisonboulvern.com\\\/#\\\/schema\\\/logo\\\/image\\\/\",\"url\":\"https:\\\/\\\/i0.wp.com\\\/maisonboulvern.com\\\/wp-content\\\/uploads\\\/2020\\\/06\\\/Icone_512x512.jpg?fit=2135%2C2135&ssl=1\",\"contentUrl\":\"https:\\\/\\\/i0.wp.com\\\/maisonboulvern.com\\\/wp-content\\\/uploads\\\/2020\\\/06\\\/Icone_512x512.jpg?fit=2135%2C2135&ssl=1\",\"width\":2135,\"height\":2135,\"caption\":\"Maison Boulvern\"},\"image\":{\"@id\":\"https:\\\/\\\/maisonboulvern.com\\\/#\\\/schema\\\/logo\\\/image\\\/\"}}]}<\/script>\n<!-- \/ Yoast SEO plugin. -->","yoast_head_json":{"title":"Welcome at Maison Boulvern - Maison Boulvern","robots":{"index":"index","follow":"follow","max-snippet":"max-snippet:-1","max-image-preview":"max-image-preview:large","max-video-preview":"max-video-preview:-1"},"canonical":"https:\/\/maisonboulvern.com\/index.php\/en\/","og_locale":"fr_FR","og_type":"article","og_title":"Welcome at Maison Boulvern - Maison Boulvern","og_description":"Away from your daily life, finding yourself in a new place and yet feeling at home. This is Maison Boulvern, beautifully situated in the centre of the&nbsp;Finist\u00e8re,&nbsp;a Bed &amp; Breakfast in a rural setting surrounded by woods, between&nbsp;Menez-Hom&nbsp;and the impressive bays of&nbsp;Douarnenez. Here rule quiet and space.&nbsp; Whether you stay for a weekend or a &hellip; Continue reading \"Welcome at Maison Boulvern\"","og_url":"https:\/\/maisonboulvern.com\/index.php\/en\/","og_site_name":"Maison Boulvern","article_modified_time":"2020-02-11T11:03:24+00:00","og_image":[{"width":2000,"height":1065,"url":"https:\/\/i0.wp.com\/maisonboulvern.com\/wp-content\/uploads\/2021\/01\/Maison-Boulvern_porte-bleue_2000x1065.jpg?fit=2000%2C1065&ssl=1","type":"image\/jpeg"}],"twitter_card":"summary_large_image","schema":{"@context":"https:\/\/schema.org","@graph":[{"@type":"WebPage","@id":"https:\/\/maisonboulvern.com\/index.php\/en\/","url":"https:\/\/maisonboulvern.com\/index.php\/en\/","name":"Welcome at Maison Boulvern - Maison Boulvern","isPartOf":{"@id":"https:\/\/maisonboulvern.com\/#website"},"primaryImageOfPage":{"@id":"https:\/\/maisonboulvern.com\/index.php\/en\/#primaryimage"},"image":{"@id":"https:\/\/maisonboulvern.com\/index.php\/en\/#primaryimage"},"thumbnailUrl":"https:\/\/i0.wp.com\/maisonboulvern.com\/wp-content\/uploads\/2023\/01\/MaisonBoulvern_La-propriete.jpg?fit=2048%2C1536&ssl=1","datePublished":"2017-05-16T13:40:41+00:00","dateModified":"2020-02-11T11:03:24+00:00","breadcrumb":{"@id":"https:\/\/maisonboulvern.com\/index.php\/en\/#breadcrumb"},"inLanguage":"fr-FR","potentialAction":[{"@type":"ReadAction","target":["https:\/\/maisonboulvern.com\/index.php\/en\/"]}]},{"@type":"ImageObject","inLanguage":"fr-FR","@id":"https:\/\/maisonboulvern.com\/index.php\/en\/#primaryimage","url":"https:\/\/i0.wp.com\/maisonboulvern.com\/wp-content\/uploads\/2023\/01\/MaisonBoulvern_La-propriete.jpg?fit=2048%2C1536&ssl=1","contentUrl":"https:\/\/i0.wp.com\/maisonboulvern.com\/wp-content\/uploads\/2023\/01\/MaisonBoulvern_La-propriete.jpg?fit=2048%2C1536&ssl=1","width":2048,"height":1536,"caption":"Maison d'h\u00f4tes en Finist\u00e8re"},{"@type":"BreadcrumbList","@id":"https:\/\/maisonboulvern.com\/index.php\/en\/#breadcrumb","itemListElement":[{"@type":"ListItem","position":1,"name":"Accueil","item":"https:\/\/maisonboulvern.com\/index.php\/fr\/"},{"@type":"ListItem","position":2,"name":"Welcome at Maison Boulvern"}]},{"@type":"WebSite","@id":"https:\/\/maisonboulvern.com\/#website","url":"https:\/\/maisonboulvern.com\/","name":"Maison Boulvern","description":"Chambres d&#039;h\u00f4tes de charme au c\u0153ur du Finist\u00e8re","publisher":{"@id":"https:\/\/maisonboulvern.com\/#organization"},"potentialAction":[{"@type":"SearchAction","target":{"@type":"EntryPoint","urlTemplate":"https:\/\/maisonboulvern.com\/?s={search_term_string}"},"query-input":{"@type":"PropertyValueSpecification","valueRequired":true,"valueName":"search_term_string"}}],"inLanguage":"fr-FR"},{"@type":"Organization","@id":"https:\/\/maisonboulvern.com\/#organization","name":"Maison Boulvern","url":"https:\/\/maisonboulvern.com\/","logo":{"@type":"ImageObject","inLanguage":"fr-FR","@id":"https:\/\/maisonboulvern.com\/#\/schema\/logo\/image\/","url":"https:\/\/i0.wp.com\/maisonboulvern.com\/wp-content\/uploads\/2020\/06\/Icone_512x512.jpg?fit=2135%2C2135&ssl=1","contentUrl":"https:\/\/i0.wp.com\/maisonboulvern.com\/wp-content\/uploads\/2020\/06\/Icone_512x512.jpg?fit=2135%2C2135&ssl=1","width":2135,"height":2135,"caption":"Maison Boulvern"},"image":{"@id":"https:\/\/maisonboulvern.com\/#\/schema\/logo\/image\/"}}]}},"jetpack_sharing_enabled":true,"jetpack_shortlink":"https:\/\/wp.me\/Pa8bKW-eR","jetpack-related-posts":[],"amp_enabled":true,"_links":{"self":[{"href":"https:\/\/maisonboulvern.com\/index.php\/wp-json\/wp\/v2\/pages\/921","targetHints":{"allow":["GET"]}}],"collection":[{"href":"https:\/\/maisonboulvern.com\/index.php\/wp-json\/wp\/v2\/pages"}],"about":[{"href":"https:\/\/maisonboulvern.com\/index.php\/wp-json\/wp\/v2\/types\/page"}],"author":[{"embeddable":true,"href":"https:\/\/maisonboulvern.com\/index.php\/wp-json\/wp\/v2\/users\/1"}],"replies":[{"embeddable":true,"href":"https:\/\/maisonboulvern.com\/index.php\/wp-json\/wp\/v2\/comments?post=921"}],"version-history":[{"count":2,"href":"https:\/\/maisonboulvern.com\/index.php\/wp-json\/wp\/v2\/pages\/921\/revisions"}],"predecessor-version":[{"id":1193,"href":"https:\/\/maisonboulvern.com\/index.php\/wp-json\/wp\/v2\/pages\/921\/revisions\/1193"}],"wp:featuredmedia":[{"embeddable":true,"href":"https:\/\/maisonboulvern.com\/index.php\/wp-json\/wp\/v2\/media\/5761"}],"wp:attachment":[{"href":"https:\/\/maisonboulvern.com\/index.php\/wp-json\/wp\/v2\/media?parent=921"}],"curies":[{"name":"wp","href":"https:\/\/api.w.org\/{rel}","templated":true}]}}