{"id":934,"date":"2017-05-16T18:37:26","date_gmt":"2017-05-16T18:37:26","guid":{"rendered":"http:\/\/maisonboulvern.com\/?page_id=934"},"modified":"2020-02-11T12:45:18","modified_gmt":"2020-02-11T11:45:18","slug":"cultural-heritage","status":"publish","type":"page","link":"https:\/\/maisonboulvern.com\/index.php\/en\/welcome-at-maison-boulvern\/activities\/cultural-heritage\/","title":{"rendered":"Cultural heritage"},"content":{"rendered":"\n<p>The Breton language is alive. Folk music and folk dance are often performed, especially on cultural feasts. This will certainly add value to your visit.&nbsp;<\/p>\n\n\n\n<p><span style=\"text-decoration: underline;\">QUIMPER CORNNOUAILLE<\/span><\/p>\n\n\n\n<p><em><strong>Locronan<\/strong><\/em><\/p>\n\n\n\n<p>This is an old and picturesque little town. It is one of the rare examples of historic preservation. Take a walk here and enjoy the beautiful granite houses surrounded by a wonderful landscape.&nbsp;<\/p>\n\n\n\n<p><em><strong>Quimper<\/strong><\/em><\/p>\n\n\n\n<p>This mediaeval town with its many lanes is a pleasure to visit. The food is good. You can go to museums of which the&nbsp;Museum of Visual Arts&nbsp;is the finest. It houses one of the richest art collections in Brittany.&nbsp;<\/p>\n\n\n\n<p><em><strong>Riec-sur-Belon<\/strong><\/em><\/p>\n\n\n\n<p>Oysters, fresh from the water. What else could you want&#8230;<\/p>\n\n\n\n<p>You can take a stroll along the rocky coast and enjoy the views, your feet in the sea water, eat oysters that are known for their hazelnut taste.<\/p>\n\n\n\n<p><em><strong>Douarnenez<\/strong><\/em><\/p>\n\n\n\n<p>This fishing port has 4 harbours, each of them with their unique character and history. In the streets behind the bay you will find studios and old fishermen\u2019s houses. At the quays fishermen and other locals meet at the end of the day in the various bars and restaurants. You could join them to conclude your visit.&nbsp;<\/p>\n\n\n\n<p><em><strong>Concarneau<\/strong><\/em><\/p>\n\n\n\n<p><em>Concarneau<\/em>&nbsp;is known for its old fortress and its illustrious bays. In Breton the name means \u2018Bay of Cornwell\u2019. Inside the walls of the fortress&nbsp;&nbsp;is a small town where you can dwell through the lanes and visit the fishermen\u2019s museum.&nbsp;<\/p>\n\n\n\n<p>Outside the fortress you can enjoy the harbour and the bays.&nbsp;<\/p>\n\n\n\n<p>The gothic C<em>hateau de Keriolet<\/em>&nbsp;is a nice mixture of history and architecture. Guides can lead you through this chateau and tell the history of this place.&nbsp;<\/p>\n\n\n\n<p>There are plenty of places where you can eat and drink. For instance you can try the&nbsp;<em>fruit-de-mer<\/em>&nbsp;or one of the tasty&nbsp;<em>crepe<\/em>&nbsp;dishes.<\/p>\n\n\n\n<p><em><strong>Pont-Aven<\/strong><\/em><\/p>\n\n\n\n<p>This is a small town near&nbsp;<em>Concarneau<\/em>. It is known for the painters who worked here. One of them was Gauguin. He ran an academy of arts here. The school was situated in&nbsp;<em>Pont-Aven<\/em>&nbsp;because of&nbsp;the village beauty.<\/p>\n\n\n\n<p>There is a marked walk,&nbsp;<em>Xavier-Grall<\/em>&nbsp;that leads you to and from the outskirts of the place by means of hidden footbridges, dams and locks.<\/p>\n\n\n\n<p><em><strong>Do\u00eblan<\/strong><\/em><\/p>\n\n\n\n<p>People call it the pearl of the south coast, because of its scenic harbour and surroundings. On your way to&nbsp;<em>Do\u00eblan<\/em>&nbsp;you can enjoy the route that takes you along the cliffs and wide views.<\/p>\n\n\n\n<p><em><strong>N\u00e9vez<\/strong><\/em><\/p>\n\n\n\n<p>This small peninsula lies between&nbsp;<em>Pont-Aven<\/em>&nbsp;and&nbsp;<em>Concarneau<\/em>. In this area you find villages with characteristic houses, pretty beaches and harbours. The GR34 track runs through this area.<\/p>\n\n\n\n<p><em><strong>Benodet and Sainte-Marine\u00a0(Bigouden)<\/strong><\/em><\/p>\n\n\n\n<p>The&nbsp;<em>Bigouden&nbsp;<\/em>lie in the south west of Brittany. The river&nbsp;<em>Odet<\/em>&nbsp;connects the two places.&nbsp;&nbsp;In high season you can take the pedestrian ferry from&nbsp;<em>Benodet<\/em>&nbsp;to&nbsp;<em>Saint-Marine<\/em>&nbsp;which is known for its fauna.&nbsp;&nbsp;A visit to his village and its scenic harbour is certainly worthwhile.&nbsp;<\/p>\n\n\n\n<p><em><strong>Pointe de la Torche<\/strong><\/em><\/p>\n\n\n\n<p>This is a peninsula in the centre of the&nbsp;<em>Bigouden<\/em>. It is known for its tulips in spring and popular among surfers and walkers. Here you can visit places of megalithic (stone age) origin.<\/p>\n\n\n\n<p><em><strong>The enchanting archipelago of Gl\u00e9nan<\/strong><\/em><\/p>\n\n\n\n<p>near&nbsp;<em>Concarneau<\/em>&nbsp;you find<em>&nbsp;<\/em>this archipelago consisting of 7 small islands. The white beaches and blue sea make you feel to be in tropical resorts. During the summer months it is possible to visit&nbsp;<em>Gl\u00e9nan<\/em>. You can go to&nbsp;<em>Saint-Nicolas<\/em>&nbsp;by boat from&nbsp;<em>B\u00e9nodet, Concarneau, Loctudy, Pors-la-For\u00eat and Beg Meil.<\/em>&nbsp;You can make a walk around this island and you can go to the&nbsp;top&nbsp;to have a 365 view on the sea.<\/p>\n\n\n\n<p><em><strong>Les roches du Diable<\/strong><\/em><\/p>\n\n\n\n<p>This place offers splendid walks and there is a legend to tell:<\/p>\n\n\n\n<p><em>Gu\u00e9nol\u00e9<\/em>&nbsp;wanted to bring the Gospel here. To do this he was forced a pact with the Devil. He was allowed to build a bridge to reach the people he wanted to rescue from the Devil. But the first to cross the bridge would be for the Devil.&nbsp;&nbsp;<em>Gu\u00e9nol\u00e9<\/em>&nbsp;sent a squirrel to be the first. In his rage the Devil created a yawning gulf under the bridge&nbsp;<a>which of course you can witness today.<\/a><a href=\"applewebdata:\/\/5EABFB51-E6CE-42BF-A834-13D98B234793#_msocom_1\">[G1]<\/a>&nbsp;<\/p>\n\n\n\n<p><span style=\"text-decoration: underline;\">BREST TERRES OC\u00c9ANES<\/span><\/p>\n\n\n\n<p><em><strong>The \u201cabers\u201d of legends<\/strong><\/em><\/p>\n\n\n\n<p>A rough coast, green land and majestic lighthouses. At this river mouth you find&nbsp;&nbsp;several small islands where you can surf and walk. Here are the most lighthouses of all Brittany. After dark they make a spectacular view. During the day you can climb the lighthouse of&nbsp;<em>\u00eele Vierge<\/em>&nbsp;to admire the view.<\/p>\n\n\n\n<p><em><strong>Camaret-sur-Mer<\/strong><\/em><\/p>\n\n\n\n<p>The harbour of&nbsp;<em>Camaret<\/em>&nbsp;is a nice place to visit. Here are several cosy restaurants. It is a colourful place.<\/p>\n\n\n\n<p>In the surroundings you find pretty beaches, and you can walk around&nbsp;<em>Cap de la Chevre<\/em>. This is the place where the mysterious menhirs stand.<\/p>\n\n\n\n<p><em><strong>Landerneau<\/strong><\/em><\/p>\n\n\n\n<p>In this town you find many monuments. One of them is the historical bridge&nbsp;<em>Pont de Rohan<\/em>&nbsp;on which from old locals are housed.&nbsp;<em>Landerneau<\/em>&nbsp;is a lively town where cultural and musical events take place.&nbsp;<\/p>\n\n\n\n<p><em><strong>Brest<\/strong><\/em><\/p>\n\n\n\n<p>Do not forget to visit this old port. You can walk through the city or use public transportation. There is a cable-lift as a touristic event.&nbsp;<\/p>\n\n\n\n<p>In&nbsp;<em>Brest<\/em>&nbsp;old and new meet. There is a nautical museum in the ancient castle and nearby are colourful quays.<\/p>\n\n\n\n<p><em><strong>Plougastel<\/strong><\/em><\/p>\n\n\n\n<p><em>Plougastel<\/em>&nbsp;is the Breton strawberry producer. This region is also known forits crucifixes, chapels and the abbey of&nbsp;<em>Daoulas&nbsp;<\/em>with its extensive herb garden where quiet rules.<\/p>\n\n\n\n<p><em><strong>La Vall\u00e9e des Saints, the valley of the Saints<\/strong><\/em><\/p>\n\n\n\n<p>This historic place with its 50 statues of Breton saints is a homage to all saints who were the founders of Brittany. Here the Celtic legends and present day religion come together.&nbsp;<em>La Vall\u00e9e des Saints<\/em>&nbsp;learns us much about our beautiful Brittany.<\/p>\n\n\n\n<p><em><strong>Chapel Saint-Michel-de-Brasparts<\/strong><\/em><\/p>\n\n\n\n<p>According to the legend this chapel was built on a Celtic holy place. This gives a special meaning to the chapel and people come here to feel connected with the Celtic gods and nature. Not only the chapel, but the region is known for the many legends. Locals keep the ancient times alive.<\/p>\n\n\n\n<p>The chapel&nbsp;<em>Saint-Michel-de-Brasparts<\/em>&nbsp;lies on a hill in the unspoilt region of&nbsp;<em>Monts d\u2019Arree<\/em>. The mountains split the&nbsp;<em>Finistere<\/em>&nbsp;in two.&nbsp;<\/p>\n\n\n\n<p>It is an adventurous place for children.&nbsp;<em>Katall<\/em>&nbsp;and friends organize enchanting walks. Click here for more information.&nbsp;<\/p>\n\n\n\n<p>For bird watchers this place is worth visiting due to its protected status.&nbsp;<\/p>\n\n\n\n<hr class=\"wp-block-separator\"\/>\n","protected":false},"excerpt":{"rendered":"<p>The Breton language is alive. Folk music and folk dance are often performed, especially on cultural feasts. This will certainly add value to your visit.&nbsp; QUIMPER CORNNOUAILLE Locronan This is an old and picturesque little town. It is one of the rare examples of historic preservation. Take a walk here and enjoy the beautiful granite &hellip; <a href=\"https:\/\/maisonboulvern.com\/index.php\/en\/welcome-at-maison-boulvern\/activities\/cultural-heritage\/\" class=\"more-link\">Continue reading<span class=\"screen-reader-text\"> \u00ab\u00a0Cultural heritage\u00a0\u00bb<\/span><\/a><\/p>\n","protected":false},"author":1,"featured_media":537,"parent":928,"menu_order":0,"comment_status":"closed","ping_status":"closed","template":"","meta":{"jetpack_post_was_ever_published":false,"footnotes":""},"class_list":["post-934","page","type-page","status-publish","has-post-thumbnail","hentry"],"yoast_head":"<!-- This site is optimized with the Yoast SEO plugin v27.4 - https:\/\/yoast.com\/product\/yoast-seo-wordpress\/ -->\n<title>Cultural heritage - Maison Boulvern<\/title>\n<meta name=\"robots\" content=\"index, follow, max-snippet:-1, max-image-preview:large, max-video-preview:-1\" \/>\n<link rel=\"canonical\" href=\"https:\/\/maisonboulvern.com\/index.php\/en\/welcome-at-maison-boulvern\/activities\/cultural-heritage\/\" \/>\n<meta property=\"og:locale\" content=\"fr_FR\" \/>\n<meta property=\"og:type\" content=\"article\" \/>\n<meta property=\"og:title\" content=\"Cultural heritage - Maison Boulvern\" \/>\n<meta property=\"og:description\" content=\"The Breton language is alive. Folk music and folk dance are often performed, especially on cultural feasts. This will certainly add value to your visit.&nbsp; QUIMPER CORNNOUAILLE Locronan This is an old and picturesque little town. It is one of the rare examples of historic preservation. Take a walk here and enjoy the beautiful granite &hellip; Continue reading &quot;Cultural heritage&quot;\" \/>\n<meta property=\"og:url\" content=\"https:\/\/maisonboulvern.com\/index.php\/en\/welcome-at-maison-boulvern\/activities\/cultural-heritage\/\" \/>\n<meta property=\"og:site_name\" content=\"Maison Boulvern\" \/>\n<meta property=\"article:modified_time\" content=\"2020-02-11T11:45:18+00:00\" \/>\n<meta property=\"og:image\" content=\"https:\/\/i0.wp.com\/maisonboulvern.com\/wp-content\/uploads\/2018\/08\/Quimper-Pre\u0301fecture_2000x1065.jpg?fit=2000%2C1065&ssl=1\" \/>\n\t<meta property=\"og:image:width\" content=\"2000\" \/>\n\t<meta property=\"og:image:height\" content=\"1065\" \/>\n\t<meta property=\"og:image:type\" content=\"image\/jpeg\" \/>\n<meta name=\"twitter:card\" content=\"summary_large_image\" \/>\n<meta name=\"twitter:label1\" content=\"Dur\u00e9e de lecture estim\u00e9e\" \/>\n\t<meta name=\"twitter:data1\" content=\"6 minutes\" \/>\n<script type=\"application\/ld+json\" class=\"yoast-schema-graph\">{\"@context\":\"https:\\\/\\\/schema.org\",\"@graph\":[{\"@type\":\"WebPage\",\"@id\":\"https:\\\/\\\/maisonboulvern.com\\\/index.php\\\/en\\\/welcome-at-maison-boulvern\\\/activities\\\/cultural-heritage\\\/\",\"url\":\"https:\\\/\\\/maisonboulvern.com\\\/index.php\\\/en\\\/welcome-at-maison-boulvern\\\/activities\\\/cultural-heritage\\\/\",\"name\":\"Cultural heritage - Maison Boulvern\",\"isPartOf\":{\"@id\":\"https:\\\/\\\/maisonboulvern.com\\\/#website\"},\"primaryImageOfPage\":{\"@id\":\"https:\\\/\\\/maisonboulvern.com\\\/index.php\\\/en\\\/welcome-at-maison-boulvern\\\/activities\\\/cultural-heritage\\\/#primaryimage\"},\"image\":{\"@id\":\"https:\\\/\\\/maisonboulvern.com\\\/index.php\\\/en\\\/welcome-at-maison-boulvern\\\/activities\\\/cultural-heritage\\\/#primaryimage\"},\"thumbnailUrl\":\"https:\\\/\\\/i0.wp.com\\\/maisonboulvern.com\\\/wp-content\\\/uploads\\\/2018\\\/08\\\/Quimper-Pre%CC%81fecture_2000x1065.jpg?fit=2000%2C1065&ssl=1\",\"datePublished\":\"2017-05-16T18:37:26+00:00\",\"dateModified\":\"2020-02-11T11:45:18+00:00\",\"breadcrumb\":{\"@id\":\"https:\\\/\\\/maisonboulvern.com\\\/index.php\\\/en\\\/welcome-at-maison-boulvern\\\/activities\\\/cultural-heritage\\\/#breadcrumb\"},\"inLanguage\":\"fr-FR\",\"potentialAction\":[{\"@type\":\"ReadAction\",\"target\":[\"https:\\\/\\\/maisonboulvern.com\\\/index.php\\\/en\\\/welcome-at-maison-boulvern\\\/activities\\\/cultural-heritage\\\/\"]}]},{\"@type\":\"ImageObject\",\"inLanguage\":\"fr-FR\",\"@id\":\"https:\\\/\\\/maisonboulvern.com\\\/index.php\\\/en\\\/welcome-at-maison-boulvern\\\/activities\\\/cultural-heritage\\\/#primaryimage\",\"url\":\"https:\\\/\\\/i0.wp.com\\\/maisonboulvern.com\\\/wp-content\\\/uploads\\\/2018\\\/08\\\/Quimper-Pre%CC%81fecture_2000x1065.jpg?fit=2000%2C1065&ssl=1\",\"contentUrl\":\"https:\\\/\\\/i0.wp.com\\\/maisonboulvern.com\\\/wp-content\\\/uploads\\\/2018\\\/08\\\/Quimper-Pre%CC%81fecture_2000x1065.jpg?fit=2000%2C1065&ssl=1\",\"width\":2000,\"height\":1065},{\"@type\":\"BreadcrumbList\",\"@id\":\"https:\\\/\\\/maisonboulvern.com\\\/index.php\\\/en\\\/welcome-at-maison-boulvern\\\/activities\\\/cultural-heritage\\\/#breadcrumb\",\"itemListElement\":[{\"@type\":\"ListItem\",\"position\":1,\"name\":\"Accueil\",\"item\":\"https:\\\/\\\/maisonboulvern.com\\\/index.php\\\/fr\\\/\"},{\"@type\":\"ListItem\",\"position\":2,\"name\":\"Welcome at Maison Boulvern\",\"item\":\"https:\\\/\\\/maisonboulvern.com\\\/index.php\\\/en\\\/\"},{\"@type\":\"ListItem\",\"position\":3,\"name\":\"Activities\",\"item\":\"https:\\\/\\\/maisonboulvern.com\\\/index.php\\\/en\\\/welcome-at-maison-boulvern\\\/activities\\\/\"},{\"@type\":\"ListItem\",\"position\":4,\"name\":\"Cultural heritage\"}]},{\"@type\":\"WebSite\",\"@id\":\"https:\\\/\\\/maisonboulvern.com\\\/#website\",\"url\":\"https:\\\/\\\/maisonboulvern.com\\\/\",\"name\":\"Maison Boulvern\",\"description\":\"Chambres d&#039;h\u00f4tes de charme au c\u0153ur du Finist\u00e8re\",\"publisher\":{\"@id\":\"https:\\\/\\\/maisonboulvern.com\\\/#organization\"},\"potentialAction\":[{\"@type\":\"SearchAction\",\"target\":{\"@type\":\"EntryPoint\",\"urlTemplate\":\"https:\\\/\\\/maisonboulvern.com\\\/?s={search_term_string}\"},\"query-input\":{\"@type\":\"PropertyValueSpecification\",\"valueRequired\":true,\"valueName\":\"search_term_string\"}}],\"inLanguage\":\"fr-FR\"},{\"@type\":\"Organization\",\"@id\":\"https:\\\/\\\/maisonboulvern.com\\\/#organization\",\"name\":\"Maison Boulvern\",\"url\":\"https:\\\/\\\/maisonboulvern.com\\\/\",\"logo\":{\"@type\":\"ImageObject\",\"inLanguage\":\"fr-FR\",\"@id\":\"https:\\\/\\\/maisonboulvern.com\\\/#\\\/schema\\\/logo\\\/image\\\/\",\"url\":\"https:\\\/\\\/i0.wp.com\\\/maisonboulvern.com\\\/wp-content\\\/uploads\\\/2020\\\/06\\\/Icone_512x512.jpg?fit=2135%2C2135&ssl=1\",\"contentUrl\":\"https:\\\/\\\/i0.wp.com\\\/maisonboulvern.com\\\/wp-content\\\/uploads\\\/2020\\\/06\\\/Icone_512x512.jpg?fit=2135%2C2135&ssl=1\",\"width\":2135,\"height\":2135,\"caption\":\"Maison Boulvern\"},\"image\":{\"@id\":\"https:\\\/\\\/maisonboulvern.com\\\/#\\\/schema\\\/logo\\\/image\\\/\"}}]}<\/script>\n<!-- \/ Yoast SEO plugin. -->","yoast_head_json":{"title":"Cultural heritage - Maison Boulvern","robots":{"index":"index","follow":"follow","max-snippet":"max-snippet:-1","max-image-preview":"max-image-preview:large","max-video-preview":"max-video-preview:-1"},"canonical":"https:\/\/maisonboulvern.com\/index.php\/en\/welcome-at-maison-boulvern\/activities\/cultural-heritage\/","og_locale":"fr_FR","og_type":"article","og_title":"Cultural heritage - Maison Boulvern","og_description":"The Breton language is alive. Folk music and folk dance are often performed, especially on cultural feasts. This will certainly add value to your visit.&nbsp; QUIMPER CORNNOUAILLE Locronan This is an old and picturesque little town. It is one of the rare examples of historic preservation. Take a walk here and enjoy the beautiful granite &hellip; Continue reading \"Cultural heritage\"","og_url":"https:\/\/maisonboulvern.com\/index.php\/en\/welcome-at-maison-boulvern\/activities\/cultural-heritage\/","og_site_name":"Maison Boulvern","article_modified_time":"2020-02-11T11:45:18+00:00","og_image":[{"width":2000,"height":1065,"url":"https:\/\/i0.wp.com\/maisonboulvern.com\/wp-content\/uploads\/2018\/08\/Quimper-Pre\u0301fecture_2000x1065.jpg?fit=2000%2C1065&ssl=1","type":"image\/jpeg"}],"twitter_card":"summary_large_image","twitter_misc":{"Dur\u00e9e de lecture estim\u00e9e":"6 minutes"},"schema":{"@context":"https:\/\/schema.org","@graph":[{"@type":"WebPage","@id":"https:\/\/maisonboulvern.com\/index.php\/en\/welcome-at-maison-boulvern\/activities\/cultural-heritage\/","url":"https:\/\/maisonboulvern.com\/index.php\/en\/welcome-at-maison-boulvern\/activities\/cultural-heritage\/","name":"Cultural heritage - Maison Boulvern","isPartOf":{"@id":"https:\/\/maisonboulvern.com\/#website"},"primaryImageOfPage":{"@id":"https:\/\/maisonboulvern.com\/index.php\/en\/welcome-at-maison-boulvern\/activities\/cultural-heritage\/#primaryimage"},"image":{"@id":"https:\/\/maisonboulvern.com\/index.php\/en\/welcome-at-maison-boulvern\/activities\/cultural-heritage\/#primaryimage"},"thumbnailUrl":"https:\/\/i0.wp.com\/maisonboulvern.com\/wp-content\/uploads\/2018\/08\/Quimper-Pre%CC%81fecture_2000x1065.jpg?fit=2000%2C1065&ssl=1","datePublished":"2017-05-16T18:37:26+00:00","dateModified":"2020-02-11T11:45:18+00:00","breadcrumb":{"@id":"https:\/\/maisonboulvern.com\/index.php\/en\/welcome-at-maison-boulvern\/activities\/cultural-heritage\/#breadcrumb"},"inLanguage":"fr-FR","potentialAction":[{"@type":"ReadAction","target":["https:\/\/maisonboulvern.com\/index.php\/en\/welcome-at-maison-boulvern\/activities\/cultural-heritage\/"]}]},{"@type":"ImageObject","inLanguage":"fr-FR","@id":"https:\/\/maisonboulvern.com\/index.php\/en\/welcome-at-maison-boulvern\/activities\/cultural-heritage\/#primaryimage","url":"https:\/\/i0.wp.com\/maisonboulvern.com\/wp-content\/uploads\/2018\/08\/Quimper-Pre%CC%81fecture_2000x1065.jpg?fit=2000%2C1065&ssl=1","contentUrl":"https:\/\/i0.wp.com\/maisonboulvern.com\/wp-content\/uploads\/2018\/08\/Quimper-Pre%CC%81fecture_2000x1065.jpg?fit=2000%2C1065&ssl=1","width":2000,"height":1065},{"@type":"BreadcrumbList","@id":"https:\/\/maisonboulvern.com\/index.php\/en\/welcome-at-maison-boulvern\/activities\/cultural-heritage\/#breadcrumb","itemListElement":[{"@type":"ListItem","position":1,"name":"Accueil","item":"https:\/\/maisonboulvern.com\/index.php\/fr\/"},{"@type":"ListItem","position":2,"name":"Welcome at Maison Boulvern","item":"https:\/\/maisonboulvern.com\/index.php\/en\/"},{"@type":"ListItem","position":3,"name":"Activities","item":"https:\/\/maisonboulvern.com\/index.php\/en\/welcome-at-maison-boulvern\/activities\/"},{"@type":"ListItem","position":4,"name":"Cultural heritage"}]},{"@type":"WebSite","@id":"https:\/\/maisonboulvern.com\/#website","url":"https:\/\/maisonboulvern.com\/","name":"Maison Boulvern","description":"Chambres d&#039;h\u00f4tes de charme au c\u0153ur du Finist\u00e8re","publisher":{"@id":"https:\/\/maisonboulvern.com\/#organization"},"potentialAction":[{"@type":"SearchAction","target":{"@type":"EntryPoint","urlTemplate":"https:\/\/maisonboulvern.com\/?s={search_term_string}"},"query-input":{"@type":"PropertyValueSpecification","valueRequired":true,"valueName":"search_term_string"}}],"inLanguage":"fr-FR"},{"@type":"Organization","@id":"https:\/\/maisonboulvern.com\/#organization","name":"Maison Boulvern","url":"https:\/\/maisonboulvern.com\/","logo":{"@type":"ImageObject","inLanguage":"fr-FR","@id":"https:\/\/maisonboulvern.com\/#\/schema\/logo\/image\/","url":"https:\/\/i0.wp.com\/maisonboulvern.com\/wp-content\/uploads\/2020\/06\/Icone_512x512.jpg?fit=2135%2C2135&ssl=1","contentUrl":"https:\/\/i0.wp.com\/maisonboulvern.com\/wp-content\/uploads\/2020\/06\/Icone_512x512.jpg?fit=2135%2C2135&ssl=1","width":2135,"height":2135,"caption":"Maison Boulvern"},"image":{"@id":"https:\/\/maisonboulvern.com\/#\/schema\/logo\/image\/"}}]}},"jetpack_sharing_enabled":true,"jetpack_shortlink":"https:\/\/wp.me\/Pa8bKW-f4","jetpack-related-posts":[],"amp_enabled":true,"_links":{"self":[{"href":"https:\/\/maisonboulvern.com\/index.php\/wp-json\/wp\/v2\/pages\/934","targetHints":{"allow":["GET"]}}],"collection":[{"href":"https:\/\/maisonboulvern.com\/index.php\/wp-json\/wp\/v2\/pages"}],"about":[{"href":"https:\/\/maisonboulvern.com\/index.php\/wp-json\/wp\/v2\/types\/page"}],"author":[{"embeddable":true,"href":"https:\/\/maisonboulvern.com\/index.php\/wp-json\/wp\/v2\/users\/1"}],"replies":[{"embeddable":true,"href":"https:\/\/maisonboulvern.com\/index.php\/wp-json\/wp\/v2\/comments?post=934"}],"version-history":[{"count":2,"href":"https:\/\/maisonboulvern.com\/index.php\/wp-json\/wp\/v2\/pages\/934\/revisions"}],"predecessor-version":[{"id":1213,"href":"https:\/\/maisonboulvern.com\/index.php\/wp-json\/wp\/v2\/pages\/934\/revisions\/1213"}],"up":[{"embeddable":true,"href":"https:\/\/maisonboulvern.com\/index.php\/wp-json\/wp\/v2\/pages\/928"}],"wp:featuredmedia":[{"embeddable":true,"href":"https:\/\/maisonboulvern.com\/index.php\/wp-json\/wp\/v2\/media\/537"}],"wp:attachment":[{"href":"https:\/\/maisonboulvern.com\/index.php\/wp-json\/wp\/v2\/media?parent=934"}],"curies":[{"name":"wp","href":"https:\/\/api.w.org\/{rel}","templated":true}]}}